{"id":8023,"date":"2024-03-21T14:36:43","date_gmt":"2024-03-21T13:36:43","guid":{"rendered":"https:\/\/aprooptelecom.com\/politiques-de-privacitat-de-leads-a-la-web\/"},"modified":"2024-04-04T18:33:20","modified_gmt":"2024-04-04T16:33:20","slug":"politiques-privacidad-leads-web","status":"publish","type":"page","link":"https:\/\/aprooptelecom.com\/es\/politiques-privacidad-leads-web\/","title":{"rendered":"Pol\u00edtiques de privacidad de leads a la Web"},"content":{"rendered":"\t\t<div data-elementor-type=\"wp-page\" data-elementor-id=\"8023\" class=\"elementor elementor-8023 elementor-7893\" data-elementor-post-type=\"page\">\n\t\t\t\t\t\t<section data-dce-background-color=\"#013130\" data-dce-background-image-url=\"https:\/\/aprooptelecom.com\/wp-content\/uploads\/2023\/05\/cuadric.svg\" class=\"elementor-section elementor-top-section elementor-element elementor-element-71ab356 elementor-section-boxed elementor-section-height-default elementor-section-height-default\" data-id=\"71ab356\" data-element_type=\"section\" data-e-type=\"section\" data-settings=\"{&quot;background_background&quot;:&quot;classic&quot;}\">\n\t\t\t\t\t\t<div class=\"elementor-container elementor-column-gap-default\">\n\t\t\t\t\t<div class=\"elementor-column elementor-col-100 elementor-top-column elementor-element elementor-element-c242e17\" data-id=\"c242e17\" data-element_type=\"column\" data-e-type=\"column\">\n\t\t\t<div class=\"elementor-widget-wrap elementor-element-populated\">\n\t\t\t\t\t\t<section class=\"elementor-section elementor-inner-section elementor-element elementor-element-15860b4 elementor-section-boxed elementor-section-height-default elementor-section-height-default\" data-id=\"15860b4\" data-element_type=\"section\" data-e-type=\"section\">\n\t\t\t\t\t\t<div class=\"elementor-container elementor-column-gap-default\">\n\t\t\t\t\t<div data-dce-background-color=\"#01302E\" class=\"elementor-column elementor-col-100 elementor-inner-column elementor-element elementor-element-818724a\" data-id=\"818724a\" data-element_type=\"column\" data-e-type=\"column\" data-settings=\"{&quot;background_background&quot;:&quot;classic&quot;}\">\n\t\t\t<div class=\"elementor-widget-wrap elementor-element-populated\">\n\t\t\t\t\t\t<div class=\"elementor-element elementor-element-d931129 elementor-widget elementor-widget-heading\" data-id=\"d931129\" data-element_type=\"widget\" data-e-type=\"widget\" data-widget_type=\"heading.default\">\n\t\t\t\t<div class=\"elementor-widget-container\">\n\t\t\t\t\t<h1 class=\"elementor-heading-title elementor-size-default\">PRIVACIDAD - LEADS<\/h1>\t\t\t\t<\/div>\n\t\t\t\t<\/div>\n\t\t\t\t\t<\/div>\n\t\t<\/div>\n\t\t\t\t\t<\/div>\n\t\t<\/section>\n\t\t\t\t\t<\/div>\n\t\t<\/div>\n\t\t\t\t\t<\/div>\n\t\t<\/section>\n\t\t\t\t<section class=\"elementor-section elementor-top-section elementor-element elementor-element-95737b3 elementor-reverse-mobile elementor-section-boxed elementor-section-height-default elementor-section-height-default\" data-id=\"95737b3\" data-element_type=\"section\" data-e-type=\"section\">\n\t\t\t\t\t\t<div class=\"elementor-container elementor-column-gap-default\">\n\t\t\t\t\t<div class=\"elementor-column elementor-col-100 elementor-top-column elementor-element elementor-element-0a634c0\" data-id=\"0a634c0\" data-element_type=\"column\" data-e-type=\"column\">\n\t\t\t<div class=\"elementor-widget-wrap elementor-element-populated\">\n\t\t\t\t\t\t<div class=\"elementor-element elementor-element-07c6093 elementor-widget elementor-widget-text-editor\" data-id=\"07c6093\" data-element_type=\"widget\" data-e-type=\"widget\" data-widget_type=\"text-editor.default\">\n\t\t\t\t<div class=\"elementor-widget-container\">\n\t\t\t\t\t\t\t\t\t<p><strong>Responsable del tratamiento<\/strong><\/p><p><strong>\u00bfQui\u00e9n es el responsable del tratamiento de sus datos personales?<\/strong><\/p><p>APROOP TELECOM, S.L.U. (\u201c<strong>APROOP<\/strong>\u201d)<br \/>CIF B40640112<\/p><p>Domicilio social: Plaza Alquer\u00eda de la Culla, 4, Piso 11, Oficina 3, Alfafar, Val\u00e8ncia<\/p><p>Tel\u00e9fono: 1420 o 900 62 20 20<\/p><p>Correo electr\u00f3nico: atencioalclient@prooptelecom.com<\/p><p>Puede contactar nuestro delegado de Protecci\u00f3n de Datos (\u201c<strong>DPD<\/strong>\u201d) a trav\u00e9s del correo electr\u00f3nico protecciodedades@aprooptelecom.com<\/p><p>\u00a0<\/p><p><strong>Finalidades y base jur\u00eddica<\/strong><\/p><p><strong>\u00bfCon qu\u00e9 finalidades tratamos sus datos personales y con qu\u00e9 base jur\u00eddica?<\/strong><\/p><table width=\"689\"><thead><tr><td width=\"292\"><strong>Finalidades<\/strong><\/td><td><strong>Tipos de datos<\/strong><\/td><td width=\"138\"><strong>Base jur\u00eddica<\/strong><\/td><\/tr><\/thead><tbody><tr><td width=\"292\"><p><strong>a) Consultas y peticiones:<\/strong><\/p><p>Atender sus consultas recibidas en cualquier de los canales corporativos e informarlo de nuestros servicios (incluyente informaci\u00f3n sobre la cobertura)<\/p><\/td><td><p>Datos identificativos y de contacto, as\u00ed como la voz en el supuesto que se haya mantenido una conversaci\u00f3n telef\u00f3nica y haya sido registrada<\/p><\/td><td width=\"138\"><p>Consentimiento (a trav\u00e9s de la aceptaci\u00f3n de la Pol\u00edtica de Privacidad)<\/p><\/td><\/tr><tr><td width=\"292\"><p><strong>b) Ofertas precontractuales:<\/strong><\/p><p>\u00a0<\/p><\/td><td><p>Datos identificativos y de contacto, de pago, incluyendo medios de pago, as\u00ed como la voz en el supuesto que se haya mantenido una conversaci\u00f3n telef\u00f3nica y haya sido registrada<\/p><\/td><td width=\"138\"><p>Aplicaci\u00f3n de medidas precontractuales<\/p><\/td><\/tr><tr><td width=\"292\"><p><strong>c) Informaci\u00f3n comercial:<\/strong><\/p><p>Env\u00edo de informaci\u00f3n comercial en relaci\u00f3n con productos o servicios propios, como por ejemplo promociones, descuentos u ofertas de diversa naturaleza, nuevas tarifas o campa\u00f1as por medios electr\u00f3nicos (correo electr\u00f3nico, SMS, MMS, a trav\u00e9s de los perfiles de APROOP en redes sociales y otras plataformas), as\u00ed como del resto de entidades del Grupo Hablamos<\/p><\/td><td><p>Datos identificativos y de contacto<\/p><\/td><td width=\"138\"><p>Consentimiento (a trav\u00e9s de la aceptaci\u00f3n de la Pol\u00edtica de Privacidad)<\/p><\/td><\/tr><tr><td width=\"292\"><p><strong>d) Distribuidores:<\/strong><\/p><p>Informarlo de los requisitos para acontecer Distribuidor de APROOP<\/p><\/td><td><p>Datos identificativos y de contacto<\/p><\/td><td width=\"138\"><p>Aplicaci\u00f3n de medidas precontractuales<\/p><\/td><\/tr><\/tbody><\/table><p style=\"margin-bottom: 0cm; text-align: justify; line-height: normal; background-image: initial; background-position: initial; background-size: initial; background-repeat: initial; background-attachment: initial; background-origin: initial; background-clip: initial; vertical-align: baseline;\">\u00a0<\/p><p><strong>Destinatarios<\/strong><\/p><p style=\"margin-bottom: 0cm; text-align: justify; line-height: normal; background-image: initial; background-position: initial; background-size: initial; background-repeat: initial; background-attachment: initial; background-origin: initial; background-clip: initial; vertical-align: baseline;\"><b><span lang=\"ES\" style=\"color: black; mso-color-alt: windowtext; mso-ansi-language: ES;\">\u00bfA qui\u00e9nes comunicamos sus datos personales?<\/span><\/b><b><\/b><\/p><p style=\"margin-bottom: 0cm; text-align: justify; line-height: normal; background-image: initial; background-position: initial; background-size: initial; background-repeat: initial; background-attachment: initial; background-origin: initial; background-clip: initial; vertical-align: baseline;\"><b><span lang=\"ES\" style=\"color: black; mso-color-alt: windowtext; mso-ansi-language: ES;\">\u00a0<\/span><\/b><\/p><p style=\"margin-bottom: 0cm; text-align: justify; line-height: normal; background-image: initial; background-position: initial; background-size: initial; background-repeat: initial; background-attachment: initial; background-origin: initial; background-clip: initial; vertical-align: baseline;\"><span lang=\"ES\" style=\"color: black; mso-color-alt: windowtext; mso-ansi-language: ES;\">A todos los efectos, sus datos personales no ser\u00e1n comunicadas a terceros, excepto obligaci\u00f3n legal. Ahora bien, en el supuesto de que nos lo haya autorizado, APROOP podr\u00e1 comunicar sus datos al resto de entidades del Grup PARLEM (sectores telecomunicaciones, comunicaciones electr\u00f3nicas, ciberseguridad y energ\u00eda) para enviarle comunicaciones comerciales sobre sus productos, servicios, novedades y ofertas.<\/span><\/p><p style=\"margin-bottom: 0cm; text-align: justify; line-height: normal; background-image: initial; background-position: initial; background-size: initial; background-repeat: initial; background-attachment: initial; background-origin: initial; background-clip: initial; vertical-align: baseline;\"><span lang=\"ES\">\u00a0<\/span><\/p><p style=\"margin-bottom: 0cm; text-align: justify; line-height: normal; background-image: initial; background-position: initial; background-size: initial; background-repeat: initial; background-attachment: initial; background-origin: initial; background-clip: initial; vertical-align: baseline;\"><span lang=\"ES\" style=\"color: black; mso-color-alt: windowtext; mso-ansi-language: ES;\">As\u00ed mismo, a pesar de que APROOP no tiene previsto llevar a cabo transferencias de datos personales de clientes fuera del Espacio Econ\u00f3mico Europeo (\u201cEEE\u201d) a todos los efectos, si bien puede contar con alg\u00fan proveedor que requiera tratar datos desde fuera del EEE. En estos casos APROOP se asegura de contar con garant\u00edas jur\u00eddicas adecuadas, sobre las cuales puede obtener informaci\u00f3n a trav\u00e9s de la direcci\u00f3n protecciodedades@aprooptelecom.com<\/span><\/p><p style=\"margin-bottom: 0cm; text-align: justify; line-height: normal; background-image: initial; background-position: initial; background-size: initial; background-repeat: initial; background-attachment: initial; background-origin: initial; background-clip: initial; vertical-align: baseline;\"><span lang=\"ES\" style=\"color: black; mso-color-alt: windowtext; mso-ansi-language: ES;\">\u00a0<\/span><\/p><p><strong>Conservaci\u00f3n<\/strong><\/p><p><strong>\u00bfCu\u00e1ndo tiempo conservaremos sus datos personales?<\/strong><\/p><p><u>Consultas y peticiones:<\/u> Conservaremos los datos hasta que atendamos la consulta o petici\u00f3n correspondiente salvo que nos haya manifestado que tambi\u00e9n desea recibir informaci\u00f3n comercial de APROOP y de las entidades del Grup PARLEM, en el supuesto del cual conservaremos los datos hasta la revocaci\u00f3n del consentimiento o su supresi\u00f3n.<\/p><p><u>Ofertas precontractuales:<\/u><\/p><ul><li>En el supuesto que confirmo nuestra oferta precontractual, sus datos pasar\u00e1n a ser tratadas como Cliente en conformidad con la Pol\u00edtica de Privacidad.<\/li><li>Ahora bien, si no confirma la oferta sus datos solo se conservar\u00e1n durante la vigencia de la oferta precontractual.<\/li><\/ul><p><u>Informaci\u00f3n comercial:<\/u> Los datos se conservar\u00e1n hasta que revoco su consentimiento o se oponga a recibir comunicaciones comerciales de APROOP o de las entidades del Grup PARLEM.<\/p><p><u>Distribuidores:<\/u><\/p><ul><li>En el supuesto que acontezca Distribuidor de APROOP, sus datos pasar\u00e1n a ser tratadas como tal en conformidad con el Contrato de Distribuidor.<\/li><li>Ahora bien, si no acontece Distribuidor de APROOP solo se conservar\u00e1n hasta la finalizaci\u00f3n de la tramitaci\u00f3n de su petici\u00f3n.<\/li><\/ul><p><strong>Derechos<\/strong><\/p><p><strong>\u00bfQu\u00e9 son sus derechos?<\/strong><\/p><p>Puede ejercitar sus derechos de acceso, rectificaci\u00f3n, oposici\u00f3n, supresi\u00f3n, limitaci\u00f3n en el tratamiento, la portabilidad y, si hace falta, a no ser objeto de decisiones individuales automatizadas, a trav\u00e9s de correo postal a Plaza Alquer\u00eda de la Culla, 4, Piso 11, Oficina 3, Alfafar, Val\u00e8ncia o mediante correo electr\u00f3nico a protecciodedades@aprooptelecom. As\u00ed mismo, lo informamos que puede interponer una reclamaci\u00f3n ante la Agencia Espa\u00f1ola de Protecci\u00f3n de Datos (<a href=\"http:\/\/www.aepd\">www.aepd<\/a>).<\/p><p>En el web de la AEPD puede encontrar los modelos necesarios que lo ayudar\u00e1n en el ejercicio de sus derechos.<\/p><p>Igualmente, en el supuesto que el tratamiento de sus datos se base en el consentimiento, podr\u00e1 revocarlo en cualquier momento, sin que esto afecto el tratamiento de los datos llevado a cabo hasta el momento.<\/p><p>En caso de que tenga alguna duda sobre el tratamiento de sus datos personales, puede contactar con el DPD enviando un mensaje de correo electr\u00f3nico a <a href=\"mailto:protecciodedades@aprooptelecom.com\">protecciodedades@aprooptelecom.com<\/a>.<\/p>\t\t\t\t\t\t\t\t<\/div>\n\t\t\t\t<\/div>\n\t\t\t\t\t<\/div>\n\t\t<\/div>\n\t\t\t\t\t<\/div>\n\t\t<\/section>\n\t\t\t\t<\/div>\n\t\t","protected":false},"excerpt":{"rendered":"<p>PRIVACIDAD &#8211; LEADS Responsable del tratamiento \u00bfQui\u00e9n es el responsable del tratamiento de sus datos personales? APROOP TELECOM, S.L.U. (\u201cAPROOP\u201d)CIF B40640112 Domicilio social: Plaza Alquer\u00eda de la Culla, 4, Piso 11, Oficina 3, Alfafar, Val\u00e8ncia Tel\u00e9fono: 1420 o 900 62 20 20 Correo electr\u00f3nico: atencioalclient@prooptelecom.com Puede contactar nuestro delegado de Protecci\u00f3n de Datos (\u201cDPD\u201d) a [&hellip;]<\/p>\n","protected":false},"author":1,"featured_media":0,"parent":0,"menu_order":0,"comment_status":"closed","ping_status":"closed","template":"","meta":{"footnotes":""},"class_list":["post-8023","page","type-page","status-publish","hentry"],"yoast_head":"<!-- This site is optimized with the Yoast SEO plugin v27.2 - https:\/\/yoast.com\/product\/yoast-seo-wordpress\/ -->\n<title>Pol\u00edtiques de privacidad de leads a la Web - Aproop Telecom<\/title>\n<meta name=\"robots\" content=\"noindex, follow\" \/>\n<meta property=\"og:locale\" content=\"es_ES\" \/>\n<meta property=\"og:type\" content=\"article\" \/>\n<meta property=\"og:title\" content=\"Pol\u00edtiques de privacidad de leads a la Web - Aproop Telecom\" \/>\n<meta property=\"og:description\" content=\"PRIVACIDAD &#8211; LEADS Responsable del tratamiento \u00bfQui\u00e9n es el responsable del tratamiento de sus datos personales? APROOP TELECOM, S.L.U. (\u201cAPROOP\u201d)CIF B40640112 Domicilio social: Plaza Alquer\u00eda de la Culla, 4, Piso 11, Oficina 3, Alfafar, Val\u00e8ncia Tel\u00e9fono: 1420 o 900 62 20 20 Correo electr\u00f3nico: atencioalclient@prooptelecom.com Puede contactar nuestro delegado de Protecci\u00f3n de Datos (\u201cDPD\u201d) a [&hellip;]\" \/>\n<meta property=\"og:url\" content=\"https:\/\/aprooptelecom.com\/es\/politiques-privacidad-leads-web\/\" \/>\n<meta property=\"og:site_name\" content=\"Aproop Telecom\" \/>\n<meta property=\"article:modified_time\" content=\"2024-04-04T16:33:20+00:00\" \/>\n<meta name=\"twitter:card\" content=\"summary_large_image\" \/>\n<meta name=\"twitter:label1\" content=\"Tiempo de lectura\" \/>\n\t<meta name=\"twitter:data1\" content=\"4 minutos\" \/>\n<script type=\"application\/ld+json\" class=\"yoast-schema-graph\">{\"@context\":\"https:\/\/schema.org\",\"@graph\":[{\"@type\":\"WebPage\",\"@id\":\"https:\/\/aprooptelecom.com\/es\/politiques-privacidad-leads-web\/\",\"url\":\"https:\/\/aprooptelecom.com\/es\/politiques-privacidad-leads-web\/\",\"name\":\"Pol\u00edtiques de privacidad de leads a la Web - Aproop Telecom\",\"isPartOf\":{\"@id\":\"https:\/\/aprooptelecom.com\/es\/#website\"},\"datePublished\":\"2024-03-21T13:36:43+00:00\",\"dateModified\":\"2024-04-04T16:33:20+00:00\",\"breadcrumb\":{\"@id\":\"https:\/\/aprooptelecom.com\/es\/politiques-privacidad-leads-web\/#breadcrumb\"},\"inLanguage\":\"es\",\"potentialAction\":[{\"@type\":\"ReadAction\",\"target\":[\"https:\/\/aprooptelecom.com\/es\/politiques-privacidad-leads-web\/\"]}]},{\"@type\":\"BreadcrumbList\",\"@id\":\"https:\/\/aprooptelecom.com\/es\/politiques-privacidad-leads-web\/#breadcrumb\",\"itemListElement\":[{\"@type\":\"ListItem\",\"position\":1,\"name\":\"Inici\",\"item\":\"https:\/\/aprooptelecom.com\/es\/\"},{\"@type\":\"ListItem\",\"position\":2,\"name\":\"Pol\u00edtiques de privacidad de leads a la Web\"}]},{\"@type\":\"WebSite\",\"@id\":\"https:\/\/aprooptelecom.com\/es\/#website\",\"url\":\"https:\/\/aprooptelecom.com\/es\/\",\"name\":\"Aproop Telecom\",\"description\":\"Descobreix les tarifes que millor s\u2019adapten a tu i els teus! Contacta ara amb el nostre servei d\u2019atenci\u00f3 al client.\",\"publisher\":{\"@id\":\"https:\/\/aprooptelecom.com\/es\/#organization\"},\"potentialAction\":[{\"@type\":\"SearchAction\",\"target\":{\"@type\":\"EntryPoint\",\"urlTemplate\":\"https:\/\/aprooptelecom.com\/es\/?s={search_term_string}\"},\"query-input\":{\"@type\":\"PropertyValueSpecification\",\"valueRequired\":true,\"valueName\":\"search_term_string\"}}],\"inLanguage\":\"es\"},{\"@type\":\"Organization\",\"@id\":\"https:\/\/aprooptelecom.com\/es\/#organization\",\"name\":\"Aproop Telecom\",\"url\":\"https:\/\/aprooptelecom.com\/es\/\",\"logo\":{\"@type\":\"ImageObject\",\"inLanguage\":\"es\",\"@id\":\"https:\/\/aprooptelecom.com\/es\/#\/schema\/logo\/image\/\",\"url\":\"https:\/\/aprooptelecom.com\/wp-content\/uploads\/2022\/11\/aproop-logo.svg\",\"contentUrl\":\"https:\/\/aprooptelecom.com\/wp-content\/uploads\/2022\/11\/aproop-logo.svg\",\"caption\":\"Aproop Telecom\"},\"image\":{\"@id\":\"https:\/\/aprooptelecom.com\/es\/#\/schema\/logo\/image\/\"}}]}<\/script>\n<!-- \/ Yoast SEO plugin. -->","yoast_head_json":{"title":"Pol\u00edtiques de privacidad de leads a la Web - Aproop Telecom","robots":{"index":"noindex","follow":"follow"},"og_locale":"es_ES","og_type":"article","og_title":"Pol\u00edtiques de privacidad de leads a la Web - Aproop Telecom","og_description":"PRIVACIDAD &#8211; LEADS Responsable del tratamiento \u00bfQui\u00e9n es el responsable del tratamiento de sus datos personales? APROOP TELECOM, S.L.U. (\u201cAPROOP\u201d)CIF B40640112 Domicilio social: Plaza Alquer\u00eda de la Culla, 4, Piso 11, Oficina 3, Alfafar, Val\u00e8ncia Tel\u00e9fono: 1420 o 900 62 20 20 Correo electr\u00f3nico: atencioalclient@prooptelecom.com Puede contactar nuestro delegado de Protecci\u00f3n de Datos (\u201cDPD\u201d) a [&hellip;]","og_url":"https:\/\/aprooptelecom.com\/es\/politiques-privacidad-leads-web\/","og_site_name":"Aproop Telecom","article_modified_time":"2024-04-04T16:33:20+00:00","twitter_card":"summary_large_image","twitter_misc":{"Tiempo de lectura":"4 minutos"},"schema":{"@context":"https:\/\/schema.org","@graph":[{"@type":"WebPage","@id":"https:\/\/aprooptelecom.com\/es\/politiques-privacidad-leads-web\/","url":"https:\/\/aprooptelecom.com\/es\/politiques-privacidad-leads-web\/","name":"Pol\u00edtiques de privacidad de leads a la Web - Aproop Telecom","isPartOf":{"@id":"https:\/\/aprooptelecom.com\/es\/#website"},"datePublished":"2024-03-21T13:36:43+00:00","dateModified":"2024-04-04T16:33:20+00:00","breadcrumb":{"@id":"https:\/\/aprooptelecom.com\/es\/politiques-privacidad-leads-web\/#breadcrumb"},"inLanguage":"es","potentialAction":[{"@type":"ReadAction","target":["https:\/\/aprooptelecom.com\/es\/politiques-privacidad-leads-web\/"]}]},{"@type":"BreadcrumbList","@id":"https:\/\/aprooptelecom.com\/es\/politiques-privacidad-leads-web\/#breadcrumb","itemListElement":[{"@type":"ListItem","position":1,"name":"Inici","item":"https:\/\/aprooptelecom.com\/es\/"},{"@type":"ListItem","position":2,"name":"Pol\u00edtiques de privacidad de leads a la Web"}]},{"@type":"WebSite","@id":"https:\/\/aprooptelecom.com\/es\/#website","url":"https:\/\/aprooptelecom.com\/es\/","name":"Aproop Telecom","description":"Descobreix les tarifes que millor s\u2019adapten a tu i els teus! Contacta ara amb el nostre servei d\u2019atenci\u00f3 al client.","publisher":{"@id":"https:\/\/aprooptelecom.com\/es\/#organization"},"potentialAction":[{"@type":"SearchAction","target":{"@type":"EntryPoint","urlTemplate":"https:\/\/aprooptelecom.com\/es\/?s={search_term_string}"},"query-input":{"@type":"PropertyValueSpecification","valueRequired":true,"valueName":"search_term_string"}}],"inLanguage":"es"},{"@type":"Organization","@id":"https:\/\/aprooptelecom.com\/es\/#organization","name":"Aproop Telecom","url":"https:\/\/aprooptelecom.com\/es\/","logo":{"@type":"ImageObject","inLanguage":"es","@id":"https:\/\/aprooptelecom.com\/es\/#\/schema\/logo\/image\/","url":"https:\/\/aprooptelecom.com\/wp-content\/uploads\/2022\/11\/aproop-logo.svg","contentUrl":"https:\/\/aprooptelecom.com\/wp-content\/uploads\/2022\/11\/aproop-logo.svg","caption":"Aproop Telecom"},"image":{"@id":"https:\/\/aprooptelecom.com\/es\/#\/schema\/logo\/image\/"}}]}},"_links":{"self":[{"href":"https:\/\/aprooptelecom.com\/es\/wp-json\/wp\/v2\/pages\/8023","targetHints":{"allow":["GET"]}}],"collection":[{"href":"https:\/\/aprooptelecom.com\/es\/wp-json\/wp\/v2\/pages"}],"about":[{"href":"https:\/\/aprooptelecom.com\/es\/wp-json\/wp\/v2\/types\/page"}],"author":[{"embeddable":true,"href":"https:\/\/aprooptelecom.com\/es\/wp-json\/wp\/v2\/users\/1"}],"replies":[{"embeddable":true,"href":"https:\/\/aprooptelecom.com\/es\/wp-json\/wp\/v2\/comments?post=8023"}],"version-history":[{"count":7,"href":"https:\/\/aprooptelecom.com\/es\/wp-json\/wp\/v2\/pages\/8023\/revisions"}],"predecessor-version":[{"id":8752,"href":"https:\/\/aprooptelecom.com\/es\/wp-json\/wp\/v2\/pages\/8023\/revisions\/8752"}],"wp:attachment":[{"href":"https:\/\/aprooptelecom.com\/es\/wp-json\/wp\/v2\/media?parent=8023"}],"curies":[{"name":"wp","href":"https:\/\/api.w.org\/{rel}","templated":true}]}}