{"id":8021,"date":"2024-03-21T14:26:33","date_gmt":"2024-03-21T13:26:33","guid":{"rendered":"https:\/\/aprooptelecom.com\/politica-de-calidad\/"},"modified":"2024-04-04T17:58:48","modified_gmt":"2024-04-04T15:58:48","slug":"politica-de-calidad","status":"publish","type":"page","link":"https:\/\/aprooptelecom.com\/es\/politica-de-calidad\/","title":{"rendered":"Pol\u00edtica de Calidad"},"content":{"rendered":"\t\t<div data-elementor-type=\"wp-page\" data-elementor-id=\"8021\" class=\"elementor elementor-8021 elementor-7879\" data-elementor-post-type=\"page\">\n\t\t\t\t\t\t<section data-dce-background-color=\"#013130\" data-dce-background-image-url=\"https:\/\/aprooptelecom.com\/wp-content\/uploads\/2023\/05\/cuadric.svg\" class=\"elementor-section elementor-top-section elementor-element elementor-element-131924d elementor-section-boxed elementor-section-height-default elementor-section-height-default\" data-id=\"131924d\" data-element_type=\"section\" data-e-type=\"section\" data-settings=\"{&quot;background_background&quot;:&quot;classic&quot;}\">\n\t\t\t\t\t\t<div class=\"elementor-container elementor-column-gap-default\">\n\t\t\t\t\t<div class=\"elementor-column elementor-col-100 elementor-top-column elementor-element elementor-element-cfe7847\" data-id=\"cfe7847\" data-element_type=\"column\" data-e-type=\"column\">\n\t\t\t<div class=\"elementor-widget-wrap elementor-element-populated\">\n\t\t\t\t\t\t<section class=\"elementor-section elementor-inner-section elementor-element elementor-element-f3ab825 elementor-section-boxed elementor-section-height-default elementor-section-height-default\" data-id=\"f3ab825\" data-element_type=\"section\" data-e-type=\"section\">\n\t\t\t\t\t\t<div class=\"elementor-container elementor-column-gap-default\">\n\t\t\t\t\t<div data-dce-background-color=\"#01302E\" class=\"elementor-column elementor-col-100 elementor-inner-column elementor-element elementor-element-1eff064\" data-id=\"1eff064\" data-element_type=\"column\" data-e-type=\"column\" data-settings=\"{&quot;background_background&quot;:&quot;classic&quot;}\">\n\t\t\t<div class=\"elementor-widget-wrap elementor-element-populated\">\n\t\t\t\t\t\t<div class=\"elementor-element elementor-element-72f86d3 elementor-widget elementor-widget-heading\" data-id=\"72f86d3\" data-element_type=\"widget\" data-e-type=\"widget\" data-widget_type=\"heading.default\">\n\t\t\t\t<div class=\"elementor-widget-container\">\n\t\t\t\t\t<h1 class=\"elementor-heading-title elementor-size-default\">Pol\u00edtica de Calidad<\/h1>\t\t\t\t<\/div>\n\t\t\t\t<\/div>\n\t\t\t\t\t<\/div>\n\t\t<\/div>\n\t\t\t\t\t<\/div>\n\t\t<\/section>\n\t\t\t\t\t<\/div>\n\t\t<\/div>\n\t\t\t\t\t<\/div>\n\t\t<\/section>\n\t\t\t\t<section class=\"elementor-section elementor-top-section elementor-element elementor-element-6bbe787 elementor-reverse-mobile elementor-section-boxed elementor-section-height-default elementor-section-height-default\" data-id=\"6bbe787\" data-element_type=\"section\" data-e-type=\"section\">\n\t\t\t\t\t\t<div class=\"elementor-container elementor-column-gap-default\">\n\t\t\t\t\t<div class=\"elementor-column elementor-col-100 elementor-top-column elementor-element elementor-element-66fa093\" data-id=\"66fa093\" data-element_type=\"column\" data-e-type=\"column\">\n\t\t\t<div class=\"elementor-widget-wrap elementor-element-populated\">\n\t\t\t\t\t\t<div class=\"elementor-element elementor-element-39e2b66 elementor-widget elementor-widget-text-editor\" data-id=\"39e2b66\" data-element_type=\"widget\" data-e-type=\"widget\" data-widget_type=\"text-editor.default\">\n\t\t\t\t<div class=\"elementor-widget-container\">\n\t\t\t\t\t\t\t\t\t<p>Aproop tiene como principal mercado valenciano. La actividad que el grupo considera conforme a la calidad exigida seg\u00fan la Norma Internacional ISO 9001: 2015 es:<\/p>\n<p><em><strong>Dise\u00f1o y prestaci\u00f3n de los servicios de telecomunicaciones digitales de voz, datos, fijas y m\u00f3viles para empresas y residenciales.<\/strong><\/em><\/p>\n<p>La declaraci\u00f3n de Pol\u00edtica recoge como l\u00edneas maestras:<\/p>\n<ol>\n<li>Comprom\u00eds al cumplir los requisitos aplicables, incluidos los legales.<\/li>\n<li>A partir de l\u00edneas estrat\u00e9gicas definidas en el an\u00e1lisis de contexto realizado, se han definido los objetivos de la empresa de los cuales se han difundido en todos los niveles de nuestra estructura.<\/li>\n<li>Implantar los indicadores de calidad, as\u00ed como realizar un seguimiento del nivel de progreso de estos, de forma que nos permita conocer y asegurar el servicio y el nivel de calidad deseado por nuestro cliente.<\/li>\n<li>Velar porque las condiciones de trabajo sean \u00f3ptimas mediante la evaluaci\u00f3n de los riesgos que pueden producirse en los procesos, eliminando en el posible los mismos y reduciendo los evaluados.<\/li>\n<li>Desarrollar los programas de formaci\u00f3n continua para conseguir la mejor calificaci\u00f3n de nuestros trabajadores, implicando as\u00ed a todo el personal en la consecuci\u00f3n de todos los objetivos establecidos en el presente documento.<\/li>\n<li>Comprom\u00eds para la mejora continua del sistema de gesti\u00f3n implantado a la empresa.<\/li>\n<li>Fomentar y conseguir un ambiente motivador de todos los miembros de la empresa.<\/li>\n<\/ol>\n<p>La Direcci\u00f3n hace esta pol\u00edtica accesible y la pose a disposici\u00f3n de sus clientes, todos sus empleados, proveedores y partes interesadas.<\/p>\n<p>La Pol\u00edtica se mantiene en el d\u00eda mediante revisiones peri\u00f3dicas, coincidiendo con las revisiones del sistema por parte de la direcci\u00f3n, con el fin de que tenga en cuenta los cambios en las condiciones del entorno y la informaci\u00f3n recibida. En este sentido la direcci\u00f3n proporciona y proporcionar\u00e1 todos los medios humanos, t\u00e9cnicos y econ\u00f3micos necesarios para lograr los objetivos y metas que se establecen programada y peri\u00f3dicamente.<\/p>\n<p>La gerencia,<\/p>\t\t\t\t\t\t\t\t<\/div>\n\t\t\t\t<\/div>\n\t\t\t\t\t<\/div>\n\t\t<\/div>\n\t\t\t\t\t<\/div>\n\t\t<\/section>\n\t\t\t\t<\/div>\n\t\t","protected":false},"excerpt":{"rendered":"<p>Pol\u00edtica de Calidad Aproop tiene como principal mercado valenciano. La actividad que el grupo considera conforme a la calidad exigida seg\u00fan la Norma Internacional ISO 9001: 2015 es: Dise\u00f1o y prestaci\u00f3n de los servicios de telecomunicaciones digitales de voz, datos, fijas y m\u00f3viles para empresas y residenciales. La declaraci\u00f3n de Pol\u00edtica recoge como l\u00edneas maestras: [&hellip;]<\/p>\n","protected":false},"author":1,"featured_media":0,"parent":0,"menu_order":0,"comment_status":"closed","ping_status":"closed","template":"","meta":{"footnotes":""},"class_list":["post-8021","page","type-page","status-publish","hentry"],"yoast_head":"<!-- This site is optimized with the Yoast SEO plugin v27.2 - https:\/\/yoast.com\/product\/yoast-seo-wordpress\/ -->\n<title>Pol\u00edtica de Calidad - Aproop Telecom<\/title>\n<meta name=\"robots\" content=\"noindex, follow\" \/>\n<meta property=\"og:locale\" content=\"es_ES\" \/>\n<meta property=\"og:type\" content=\"article\" \/>\n<meta property=\"og:title\" content=\"Pol\u00edtica de Calidad - Aproop Telecom\" \/>\n<meta property=\"og:description\" content=\"Pol\u00edtica de Calidad Aproop tiene como principal mercado valenciano. La actividad que el grupo considera conforme a la calidad exigida seg\u00fan la Norma Internacional ISO 9001: 2015 es: Dise\u00f1o y prestaci\u00f3n de los servicios de telecomunicaciones digitales de voz, datos, fijas y m\u00f3viles para empresas y residenciales. La declaraci\u00f3n de Pol\u00edtica recoge como l\u00edneas maestras: [&hellip;]\" \/>\n<meta property=\"og:url\" content=\"https:\/\/aprooptelecom.com\/es\/politica-de-calidad\/\" \/>\n<meta property=\"og:site_name\" content=\"Aproop Telecom\" \/>\n<meta property=\"article:modified_time\" content=\"2024-04-04T15:58:48+00:00\" \/>\n<meta name=\"twitter:card\" content=\"summary_large_image\" \/>\n<meta name=\"twitter:label1\" content=\"Tiempo de lectura\" \/>\n\t<meta name=\"twitter:data1\" content=\"2 minutos\" \/>\n<script type=\"application\/ld+json\" class=\"yoast-schema-graph\">{\"@context\":\"https:\/\/schema.org\",\"@graph\":[{\"@type\":\"WebPage\",\"@id\":\"https:\/\/aprooptelecom.com\/es\/politica-de-calidad\/\",\"url\":\"https:\/\/aprooptelecom.com\/es\/politica-de-calidad\/\",\"name\":\"Pol\u00edtica de Calidad - Aproop Telecom\",\"isPartOf\":{\"@id\":\"https:\/\/aprooptelecom.com\/es\/#website\"},\"datePublished\":\"2024-03-21T13:26:33+00:00\",\"dateModified\":\"2024-04-04T15:58:48+00:00\",\"breadcrumb\":{\"@id\":\"https:\/\/aprooptelecom.com\/es\/politica-de-calidad\/#breadcrumb\"},\"inLanguage\":\"es\",\"potentialAction\":[{\"@type\":\"ReadAction\",\"target\":[\"https:\/\/aprooptelecom.com\/es\/politica-de-calidad\/\"]}]},{\"@type\":\"BreadcrumbList\",\"@id\":\"https:\/\/aprooptelecom.com\/es\/politica-de-calidad\/#breadcrumb\",\"itemListElement\":[{\"@type\":\"ListItem\",\"position\":1,\"name\":\"Inici\",\"item\":\"https:\/\/aprooptelecom.com\/es\/\"},{\"@type\":\"ListItem\",\"position\":2,\"name\":\"Pol\u00edtica de Calidad\"}]},{\"@type\":\"WebSite\",\"@id\":\"https:\/\/aprooptelecom.com\/es\/#website\",\"url\":\"https:\/\/aprooptelecom.com\/es\/\",\"name\":\"Aproop Telecom\",\"description\":\"Descobreix les tarifes que millor s\u2019adapten a tu i els teus! Contacta ara amb el nostre servei d\u2019atenci\u00f3 al client.\",\"publisher\":{\"@id\":\"https:\/\/aprooptelecom.com\/es\/#organization\"},\"potentialAction\":[{\"@type\":\"SearchAction\",\"target\":{\"@type\":\"EntryPoint\",\"urlTemplate\":\"https:\/\/aprooptelecom.com\/es\/?s={search_term_string}\"},\"query-input\":{\"@type\":\"PropertyValueSpecification\",\"valueRequired\":true,\"valueName\":\"search_term_string\"}}],\"inLanguage\":\"es\"},{\"@type\":\"Organization\",\"@id\":\"https:\/\/aprooptelecom.com\/es\/#organization\",\"name\":\"Aproop Telecom\",\"url\":\"https:\/\/aprooptelecom.com\/es\/\",\"logo\":{\"@type\":\"ImageObject\",\"inLanguage\":\"es\",\"@id\":\"https:\/\/aprooptelecom.com\/es\/#\/schema\/logo\/image\/\",\"url\":\"https:\/\/aprooptelecom.com\/wp-content\/uploads\/2022\/11\/aproop-logo.svg\",\"contentUrl\":\"https:\/\/aprooptelecom.com\/wp-content\/uploads\/2022\/11\/aproop-logo.svg\",\"caption\":\"Aproop Telecom\"},\"image\":{\"@id\":\"https:\/\/aprooptelecom.com\/es\/#\/schema\/logo\/image\/\"}}]}<\/script>\n<!-- \/ Yoast SEO plugin. -->","yoast_head_json":{"title":"Pol\u00edtica de Calidad - Aproop Telecom","robots":{"index":"noindex","follow":"follow"},"og_locale":"es_ES","og_type":"article","og_title":"Pol\u00edtica de Calidad - Aproop Telecom","og_description":"Pol\u00edtica de Calidad Aproop tiene como principal mercado valenciano. La actividad que el grupo considera conforme a la calidad exigida seg\u00fan la Norma Internacional ISO 9001: 2015 es: Dise\u00f1o y prestaci\u00f3n de los servicios de telecomunicaciones digitales de voz, datos, fijas y m\u00f3viles para empresas y residenciales. La declaraci\u00f3n de Pol\u00edtica recoge como l\u00edneas maestras: [&hellip;]","og_url":"https:\/\/aprooptelecom.com\/es\/politica-de-calidad\/","og_site_name":"Aproop Telecom","article_modified_time":"2024-04-04T15:58:48+00:00","twitter_card":"summary_large_image","twitter_misc":{"Tiempo de lectura":"2 minutos"},"schema":{"@context":"https:\/\/schema.org","@graph":[{"@type":"WebPage","@id":"https:\/\/aprooptelecom.com\/es\/politica-de-calidad\/","url":"https:\/\/aprooptelecom.com\/es\/politica-de-calidad\/","name":"Pol\u00edtica de Calidad - Aproop Telecom","isPartOf":{"@id":"https:\/\/aprooptelecom.com\/es\/#website"},"datePublished":"2024-03-21T13:26:33+00:00","dateModified":"2024-04-04T15:58:48+00:00","breadcrumb":{"@id":"https:\/\/aprooptelecom.com\/es\/politica-de-calidad\/#breadcrumb"},"inLanguage":"es","potentialAction":[{"@type":"ReadAction","target":["https:\/\/aprooptelecom.com\/es\/politica-de-calidad\/"]}]},{"@type":"BreadcrumbList","@id":"https:\/\/aprooptelecom.com\/es\/politica-de-calidad\/#breadcrumb","itemListElement":[{"@type":"ListItem","position":1,"name":"Inici","item":"https:\/\/aprooptelecom.com\/es\/"},{"@type":"ListItem","position":2,"name":"Pol\u00edtica de Calidad"}]},{"@type":"WebSite","@id":"https:\/\/aprooptelecom.com\/es\/#website","url":"https:\/\/aprooptelecom.com\/es\/","name":"Aproop Telecom","description":"Descobreix les tarifes que millor s\u2019adapten a tu i els teus! Contacta ara amb el nostre servei d\u2019atenci\u00f3 al client.","publisher":{"@id":"https:\/\/aprooptelecom.com\/es\/#organization"},"potentialAction":[{"@type":"SearchAction","target":{"@type":"EntryPoint","urlTemplate":"https:\/\/aprooptelecom.com\/es\/?s={search_term_string}"},"query-input":{"@type":"PropertyValueSpecification","valueRequired":true,"valueName":"search_term_string"}}],"inLanguage":"es"},{"@type":"Organization","@id":"https:\/\/aprooptelecom.com\/es\/#organization","name":"Aproop Telecom","url":"https:\/\/aprooptelecom.com\/es\/","logo":{"@type":"ImageObject","inLanguage":"es","@id":"https:\/\/aprooptelecom.com\/es\/#\/schema\/logo\/image\/","url":"https:\/\/aprooptelecom.com\/wp-content\/uploads\/2022\/11\/aproop-logo.svg","contentUrl":"https:\/\/aprooptelecom.com\/wp-content\/uploads\/2022\/11\/aproop-logo.svg","caption":"Aproop Telecom"},"image":{"@id":"https:\/\/aprooptelecom.com\/es\/#\/schema\/logo\/image\/"}}]}},"_links":{"self":[{"href":"https:\/\/aprooptelecom.com\/es\/wp-json\/wp\/v2\/pages\/8021","targetHints":{"allow":["GET"]}}],"collection":[{"href":"https:\/\/aprooptelecom.com\/es\/wp-json\/wp\/v2\/pages"}],"about":[{"href":"https:\/\/aprooptelecom.com\/es\/wp-json\/wp\/v2\/types\/page"}],"author":[{"embeddable":true,"href":"https:\/\/aprooptelecom.com\/es\/wp-json\/wp\/v2\/users\/1"}],"replies":[{"embeddable":true,"href":"https:\/\/aprooptelecom.com\/es\/wp-json\/wp\/v2\/comments?post=8021"}],"version-history":[{"count":4,"href":"https:\/\/aprooptelecom.com\/es\/wp-json\/wp\/v2\/pages\/8021\/revisions"}],"predecessor-version":[{"id":8742,"href":"https:\/\/aprooptelecom.com\/es\/wp-json\/wp\/v2\/pages\/8021\/revisions\/8742"}],"wp:attachment":[{"href":"https:\/\/aprooptelecom.com\/es\/wp-json\/wp\/v2\/media?parent=8021"}],"curies":[{"name":"wp","href":"https:\/\/api.w.org\/{rel}","templated":true}]}}