{"id":7976,"date":"2024-03-19T11:44:32","date_gmt":"2024-03-19T10:44:32","guid":{"rendered":"https:\/\/aprooptelecom.com\/roaming\/"},"modified":"2025-12-11T11:08:21","modified_gmt":"2025-12-11T10:08:21","slug":"roaming","status":"publish","type":"page","link":"https:\/\/aprooptelecom.com\/es\/roaming\/","title":{"rendered":"Roaming"},"content":{"rendered":"\t\t<div data-elementor-type=\"wp-page\" data-elementor-id=\"7976\" class=\"elementor elementor-7976 elementor-7502\" data-elementor-post-type=\"page\">\n\t\t\t\t\t\t<section data-dce-background-color=\"#013130\" data-dce-background-image-url=\"https:\/\/aprooptelecom.com\/wp-content\/uploads\/2023\/05\/cuadric.svg\" class=\"elementor-section elementor-top-section elementor-element elementor-element-e805212 elementor-section-boxed elementor-section-height-default elementor-section-height-default\" data-id=\"e805212\" data-element_type=\"section\" data-e-type=\"section\" data-settings=\"{&quot;background_background&quot;:&quot;classic&quot;}\">\n\t\t\t\t\t\t<div class=\"elementor-container elementor-column-gap-default\">\n\t\t\t\t\t<div class=\"elementor-column elementor-col-100 elementor-top-column elementor-element elementor-element-58c9b0f\" data-id=\"58c9b0f\" data-element_type=\"column\" data-e-type=\"column\">\n\t\t\t<div class=\"elementor-widget-wrap elementor-element-populated\">\n\t\t\t\t\t\t<section class=\"elementor-section elementor-inner-section elementor-element elementor-element-040c716 elementor-section-boxed elementor-section-height-default elementor-section-height-default\" data-id=\"040c716\" data-element_type=\"section\" data-e-type=\"section\">\n\t\t\t\t\t\t<div class=\"elementor-container elementor-column-gap-default\">\n\t\t\t\t\t<div data-dce-background-color=\"#01302E\" class=\"elementor-column elementor-col-100 elementor-inner-column elementor-element elementor-element-3a98acc\" data-id=\"3a98acc\" data-element_type=\"column\" data-e-type=\"column\" data-settings=\"{&quot;background_background&quot;:&quot;classic&quot;}\">\n\t\t\t<div class=\"elementor-widget-wrap elementor-element-populated\">\n\t\t\t\t\t\t<div class=\"elementor-element elementor-element-42e154f elementor-widget elementor-widget-heading\" data-id=\"42e154f\" data-element_type=\"widget\" data-e-type=\"widget\" data-widget_type=\"heading.default\">\n\t\t\t\t<div class=\"elementor-widget-container\">\n\t\t\t\t\t<h1 class=\"elementor-heading-title elementor-size-default\">Roaming<\/h1>\t\t\t\t<\/div>\n\t\t\t\t<\/div>\n\t\t\t\t\t<\/div>\n\t\t<\/div>\n\t\t\t\t\t<\/div>\n\t\t<\/section>\n\t\t\t\t\t<\/div>\n\t\t<\/div>\n\t\t\t\t\t<\/div>\n\t\t<\/section>\n\t\t\t\t<section class=\"elementor-section elementor-top-section elementor-element elementor-element-68e44d2 elementor-reverse-mobile elementor-section-boxed elementor-section-height-default elementor-section-height-default\" data-id=\"68e44d2\" data-element_type=\"section\" data-e-type=\"section\">\n\t\t\t\t\t\t<div class=\"elementor-container elementor-column-gap-default\">\n\t\t\t\t\t<div class=\"elementor-column elementor-col-100 elementor-top-column elementor-element elementor-element-81ad955\" data-id=\"81ad955\" data-element_type=\"column\" data-e-type=\"column\">\n\t\t\t<div class=\"elementor-widget-wrap elementor-element-populated\">\n\t\t\t\t\t\t<div class=\"elementor-element elementor-element-75475fe elementor-widget elementor-widget-text-editor\" data-id=\"75475fe\" data-element_type=\"widget\" data-e-type=\"widget\" data-widget_type=\"text-editor.default\">\n\t\t\t\t<div class=\"elementor-widget-container\">\n\t\t\t\t\t\t\t\t\t<h2>\u00bfQu\u00e9 es el Roaming?<\/h2>\n<p>El roaming es un servicio que te permite utilizar el m\u00f3vil en el extranjero de la misma forma que si estuvieras en casa: Puedes navegar, hablar por tel\u00e9fono, enviar mensajes y usar las apps sin tener incrementos imprevistos a tu factura. El roaming siempre viene desactivado por defecto.<\/p>\n<h2>C\u00f3mo puedo tener conexi\u00f3n a internet desde el extranjero:<\/h2>\n<p>Para navegar por internet desde el extranjero, y tener un buen funcionamiento, se recomienda activar los datos antes de salir del pa\u00eds, aun as\u00ed, tambi\u00e9n se puede activar una vez se llega al pa\u00eds de destino, reiniciando el terminal y la itinerancia de datos. Para activar la opci\u00f3n de itinerancia de datos lo tienes que hacer desde la configuraci\u00f3n del m\u00f3vil.<\/p>\n<p>Como activar el Roaming de Aproop? Para activar el roaming lo podr\u00e1s hacer de las siguientes maneras:<\/p>\n<p>Tienes que solicitarlo gritando al n\u00famero de atenci\u00f3n al cliente, 1420, o pos\u00e1ndote en contacto con nosotros a trav\u00e9s del correo atencioalclient@aprooptelecom.com.<\/p>\n<p>Si ya est\u00e1s en el extranjero, puedes telefonear al +34 960 25 36 28 desde otro terminal.<\/p>\n<h2>\u00bfPuedo desactivar mis datos de roaming?<\/h2>\n<p>Por defecto, todas nuestras l\u00edneas tienen el roaming desactivado. Si alguna vez nos has solicitado activarlo, ponte en contacto con nosotros para que lo volvamos a desactivar.<\/p>\n<h2>\u00bfCu\u00e1l es la diferencia entre roaming y llamadas internacionales?<\/h2>\n<p>El roaming es el servicio que nos permite usar la l\u00ednea m\u00f3vil en el extranjero, y en funci\u00f3n del pa\u00eds donde nos encontramos este uso puede tener un gasto adicional. En cambio, las llamadas internacionales son aquellas que hacemos desde nuestro pa\u00eds de origen a un n\u00famero telef\u00f3nico de otro pa\u00eds.<\/p>\n<h2>Precio de las llamadas y SMS en Roaming<\/h2>\n<p><strong>Pa\u00edses de la Uni\u00f3n Europea y asociados (zona 1)<\/strong><\/p>\n<p>Enviar o recibir llamadas\/SMS y navegar dentro de la misma zona no tiene coste extra. Si llamas al resto de Europa y otros pa\u00edses (zona 2) tendr\u00e1 un coste de 1,815 \u20ac\/min, y al resto del mundo 3,146 \u20ac\/min con un establecimiento de llamada de 0,605 \u20ac.<\/p>\n<p>Los pa\u00edses dentro de la Zona 1 son: Alemania, Austria, B\u00e9lgica, Bulgaria, Chipre, Croacia, Dinamarca, Eslovaquia, Eslovenia, Estonia, Finlandia, Francia, Gibraltar, Grecia, Guadalupe, Guayana Francesa, Holanda, Hungr\u00eda, Irlanda, Isla Martinica, Isla Reuni\u00f3n, Islandia, Italia, Letonia, Liechtenstein, Lituania, Luxemburgo, Malta, Moldavia, Noruega, Polonia, Portugal (Madeira y Azores), Rep\u00fablica Checa, Ruman\u00eda, Ucrania, Suecia, y Espa\u00f1a.<\/p>\n<p><strong>Pa\u00edses del resto de Europa y otros pa\u00edses (zona 2)<\/strong><\/p>\n<p>Trucar dentro de esta zona y en la zona 2 tendr\u00e1 un coste de 1,815 \u20ac\/min, y al resto del mundo 3,146 \u20ac\/min con un establecimiento de llamada de 1,815 \u20ac en ambos casos.<br>Recibir llamadas tiene un coste de 1,452 \u20ac\/min con un establecimiento de llamada de 1,815 \u20ac.<br>Enviar SMS tiene un coste de 0,726 \u20ac\/SMS.<\/p>\n<p>Los pa\u00edses dentro de la Zona 2 son: Europa: Albania, Andorra, Bosnia y Herzegovina, Islas Feroe, Kosovo, Serbia, M\u00f3naco, Macedonia, Montenegro, Suiza y Turqu\u00eda. \u00c1frica: Argelia, Marruecos y T\u00fanez. Am\u00e9rica: Bermudas, los EE. UU., Canad\u00e1 y Puerto Rico.<\/p>\n<p><strong>Pa\u00edses del resto del mundo (zona 3)<\/strong><\/p>\n<p>Llamar dentro de esta zona en cualquier pa\u00eds tendr\u00e1 un coste de 3,146 \u20ac\/min, con un establecimiento de llamada de 1,815\u20ac.<br>Recibir llamadas tiene un coste de 2,662 \u20ac\/min con un establecimiento de llamada de 1,815 \u20ac y enviar SMS 0,726 \u20ac\/SMS.<\/p>\n<h2>Precio de los datos en Roaming<\/h2>\n<p><strong>Zona 1 (Uni\u00f3n Europea)<\/strong><\/p>\n<p>Si viajas a un pa\u00eds de la Uni\u00f3n Europea y asociados, cuando llegues al pa\u00eds de destino, si tienes el servicio de&nbsp;roaming&nbsp;activo y la opci\u00f3n de itinerancia de datos el m\u00f3vil se conectar\u00e1 autom\u00e1ticamente en la red de internet.<\/p>\n<p>Los pa\u00edses dentro de la Zona 1 son: Alemania, Austria, B\u00e9lgica, Bulgaria, Chipre, Croacia, Dinamarca, Eslovaquia, Eslovenia, Estonia, Finlandia, Francia, Gibraltar, Grecia, Guadalupe, Guayana Francesa, Holanda, Hungr\u00eda, Irlanda, Isla Martinica, Isla Reuni\u00f3n, Islandia, Italia, Letonia, Liechtenstein, Lituania, Luxemburgo, Malta, Moldavia, Noruega, Polonia, Portugal (Madeira y Azores), Reino Unido, Rep\u00fablica Checa, Ucrania, Ruman\u00eda, Suecia.<\/p>\n<p><strong>Tarifa Mejorada<\/strong><\/p>\n<p>Si viajas fuera de la Uni\u00f3n Europea, en algunos pa\u00edses dispondr\u00e1s de una tarifa a 25\u20ac\/GB. Recuerda que para poder conectarte a internet con los datos de tu tarifa tendr\u00e1s que activar el&nbsp;roaming&nbsp;antes de marchar y la opci\u00f3n de la itinerancia de datos activa a tu dispositivo m\u00f3vil. Una vez seas a tu destino te enviaremos un SMS y tendr\u00e1s que seguir las indicaciones para desbloquear los datos. Los datos m\u00f3viles estar\u00e1n bloqueadas de forma predefinida para evitar sobrecostes a tu factura.<\/p>\n<p>Pa\u00edses con Tarifa Mejorada: Andorra, Argelia, Argentina, Armenia, Australia, Azerbaiy\u00e1n, Bielorrusia, Bolivia, Bosnia y Herzegovina, Brasil, Cabo Verde, Canad\u00e1, Chile, China, Colombia, Costa Rica, Ecuador, Egipto, El Salvador, Filipinas, Georgia, Groenlandia, Guatemala, Honduras, Hong Kong, India, Indonesia, Isla de Man, Islas Feroe, Israel, Jap\u00f3n, Jersey, Kazajist\u00e1n, Kirguist\u00e1n, Kosovo, Macao, Malasia, Marruecos, M\u00e9xico, M\u00f3naco, Montenegro, Nicaragua, Paraguay, Per\u00fa, Puerto Rico, Qatar, Rep\u00fablica Dominicana, Rusia, Serbia, Singapur, Sri Lanka, Suiza, Tailandia, Taiw\u00e1n, Tayikist\u00e1n, Turqu\u00eda, Uruguay, EE.UU., Uzbekist\u00e1n, Vietnam.<\/p>\n<p><strong>Resto del mundo.<\/strong><\/p>\n<p>El servicio de datos m\u00f3viles queda desactivado permanentemente para evitar incidencias de facturaci\u00f3n. Estad\u00edsticamente, las conexiones realizadas en estos pa\u00edses son m\u00ednimas y casi todas accidentales. El precio de los datos en esta zona superan los 25 \u20ac\/GB. Los servicios de voz y sms permanecen activos en el precio detallado m\u00e1s arriba.<\/p>\t\t\t\t\t\t\t\t<\/div>\n\t\t\t\t<\/div>\n\t\t\t\t<div class=\"elementor-element elementor-element-e409338 elementor-widget elementor-widget-html\" data-id=\"e409338\" data-element_type=\"widget\" data-e-type=\"widget\" data-widget_type=\"html.default\">\n\t\t\t\t<div class=\"elementor-widget-container\">\n\t\t\t\t\t<object style=\"width:100%;height:400px;border:1px solid black;\" data=\"https:\/\/aprooptelecom.com\/wp-content\/uploads\/2025\/12\/27NOV_Tarifas-roaming-2025_CAST_APROOP.pdf\" type=\"application\/pdf\">\r\n<embed src=\"https:\/\/aprooptelecom.com\/wp-content\/uploads\/2025\/12\/27NOV_Tarifas-roaming-2025_CAST_APROOP.pdf\" type=\"application\/pdf\" \/>\r\n<\/object>\t\t\t\t<\/div>\n\t\t\t\t<\/div>\n\t\t\t\t<div class=\"elementor-element elementor-element-802ac8a elementor-widget elementor-widget-text-editor\" data-id=\"802ac8a\" data-element_type=\"widget\" data-e-type=\"widget\" data-widget_type=\"text-editor.default\">\n\t\t\t\t<div class=\"elementor-widget-container\">\n\t\t\t\t\t\t\t\t\t<h2>Llamadas internacionales<\/h2>\n<p><strong>Qu\u00e9 diferencia hay entre el Roaming y las llamadas internacionales?<\/strong><\/p>\n<p>El roaming cubre todas las llamadas realizadas y datos de navegaci\u00f3n desde que te conectas a un operador extranjero. Aun as\u00ed, cuando emites llamadas desde territorio espa\u00f1ol a cualquier fijo o m\u00f3vil internacional, se cargar\u00e1n costes fuera de la tarifa salvo que tengas el abono de llamadas internacionales.<\/p>\n<p><strong>Tarifas internacionales\u00a0<\/strong><\/p>\n\t\t\t\t\t\t\t\t<\/div>\n\t\t\t\t<\/div>\n\t\t\t\t<div class=\"elementor-element elementor-element-9d3439e elementor-widget elementor-widget-html\" data-id=\"9d3439e\" data-element_type=\"widget\" data-e-type=\"widget\" data-widget_type=\"html.default\">\n\t\t\t\t<div class=\"elementor-widget-container\">\n\t\t\t\t\t<object style=\"width:100%;height:400px;border:1px solid black;\" data=\"https:\/\/aprooptelecom.com\/wp-content\/uploads\/2024\/04\/20230523-APROOP-Tarifas-Internacionales-CAST.pdf\" type=\"application\/pdf\">\r\n<embed src=\"https:\/\/aprooptelecom.com\/wp-content\/uploads\/2024\/04\/20230523-APROOP-Tarifas-Internacionales-CAST.pdf\" type=\"application\/pdf\" \/>\r\n<\/object>\t\t\t\t<\/div>\n\t\t\t\t<\/div>\n\t\t\t\t\t<\/div>\n\t\t<\/div>\n\t\t\t\t\t<\/div>\n\t\t<\/section>\n\t\t\t\t<\/div>\n\t\t","protected":false},"excerpt":{"rendered":"<p>Roaming \u00bfQu\u00e9 es el Roaming? El roaming es un servicio que te permite utilizar el m\u00f3vil en el extranjero de la misma forma que si estuvieras en casa: Puedes navegar, hablar por tel\u00e9fono, enviar mensajes y usar las apps sin tener incrementos imprevistos a tu factura. El roaming siempre viene desactivado por defecto. C\u00f3mo puedo [&hellip;]<\/p>\n","protected":false},"author":1,"featured_media":0,"parent":0,"menu_order":0,"comment_status":"closed","ping_status":"closed","template":"","meta":{"footnotes":""},"class_list":["post-7976","page","type-page","status-publish","hentry"],"yoast_head":"<!-- This site is optimized with the Yoast SEO plugin v27.2 - https:\/\/yoast.com\/product\/yoast-seo-wordpress\/ -->\n<title>Roaming - Aproop Telecom<\/title>\n<meta name=\"robots\" content=\"noindex, follow\" \/>\n<meta property=\"og:locale\" content=\"es_ES\" \/>\n<meta property=\"og:type\" content=\"article\" \/>\n<meta property=\"og:title\" content=\"Roaming - Aproop Telecom\" \/>\n<meta property=\"og:description\" content=\"Roaming \u00bfQu\u00e9 es el Roaming? El roaming es un servicio que te permite utilizar el m\u00f3vil en el extranjero de la misma forma que si estuvieras en casa: Puedes navegar, hablar por tel\u00e9fono, enviar mensajes y usar las apps sin tener incrementos imprevistos a tu factura. El roaming siempre viene desactivado por defecto. C\u00f3mo puedo [&hellip;]\" \/>\n<meta property=\"og:url\" content=\"https:\/\/aprooptelecom.com\/es\/roaming\/\" \/>\n<meta property=\"og:site_name\" content=\"Aproop Telecom\" \/>\n<meta property=\"article:modified_time\" content=\"2025-12-11T10:08:21+00:00\" \/>\n<meta name=\"twitter:card\" content=\"summary_large_image\" \/>\n<meta name=\"twitter:label1\" content=\"Tiempo de lectura\" \/>\n\t<meta name=\"twitter:data1\" content=\"5 minutos\" \/>\n<script type=\"application\/ld+json\" class=\"yoast-schema-graph\">{\"@context\":\"https:\/\/schema.org\",\"@graph\":[{\"@type\":\"WebPage\",\"@id\":\"https:\/\/aprooptelecom.com\/es\/roaming\/\",\"url\":\"https:\/\/aprooptelecom.com\/es\/roaming\/\",\"name\":\"Roaming - Aproop Telecom\",\"isPartOf\":{\"@id\":\"https:\/\/aprooptelecom.com\/es\/#website\"},\"datePublished\":\"2024-03-19T10:44:32+00:00\",\"dateModified\":\"2025-12-11T10:08:21+00:00\",\"breadcrumb\":{\"@id\":\"https:\/\/aprooptelecom.com\/es\/roaming\/#breadcrumb\"},\"inLanguage\":\"es\",\"potentialAction\":[{\"@type\":\"ReadAction\",\"target\":[\"https:\/\/aprooptelecom.com\/es\/roaming\/\"]}]},{\"@type\":\"BreadcrumbList\",\"@id\":\"https:\/\/aprooptelecom.com\/es\/roaming\/#breadcrumb\",\"itemListElement\":[{\"@type\":\"ListItem\",\"position\":1,\"name\":\"Inici\",\"item\":\"https:\/\/aprooptelecom.com\/es\/\"},{\"@type\":\"ListItem\",\"position\":2,\"name\":\"Roaming\"}]},{\"@type\":\"WebSite\",\"@id\":\"https:\/\/aprooptelecom.com\/es\/#website\",\"url\":\"https:\/\/aprooptelecom.com\/es\/\",\"name\":\"Aproop Telecom\",\"description\":\"Descobreix les tarifes que millor s\u2019adapten a tu i els teus! Contacta ara amb el nostre servei d\u2019atenci\u00f3 al client.\",\"publisher\":{\"@id\":\"https:\/\/aprooptelecom.com\/es\/#organization\"},\"potentialAction\":[{\"@type\":\"SearchAction\",\"target\":{\"@type\":\"EntryPoint\",\"urlTemplate\":\"https:\/\/aprooptelecom.com\/es\/?s={search_term_string}\"},\"query-input\":{\"@type\":\"PropertyValueSpecification\",\"valueRequired\":true,\"valueName\":\"search_term_string\"}}],\"inLanguage\":\"es\"},{\"@type\":\"Organization\",\"@id\":\"https:\/\/aprooptelecom.com\/es\/#organization\",\"name\":\"Aproop Telecom\",\"url\":\"https:\/\/aprooptelecom.com\/es\/\",\"logo\":{\"@type\":\"ImageObject\",\"inLanguage\":\"es\",\"@id\":\"https:\/\/aprooptelecom.com\/es\/#\/schema\/logo\/image\/\",\"url\":\"https:\/\/aprooptelecom.com\/wp-content\/uploads\/2022\/11\/aproop-logo.svg\",\"contentUrl\":\"https:\/\/aprooptelecom.com\/wp-content\/uploads\/2022\/11\/aproop-logo.svg\",\"caption\":\"Aproop Telecom\"},\"image\":{\"@id\":\"https:\/\/aprooptelecom.com\/es\/#\/schema\/logo\/image\/\"}}]}<\/script>\n<!-- \/ Yoast SEO plugin. -->","yoast_head_json":{"title":"Roaming - Aproop Telecom","robots":{"index":"noindex","follow":"follow"},"og_locale":"es_ES","og_type":"article","og_title":"Roaming - Aproop Telecom","og_description":"Roaming \u00bfQu\u00e9 es el Roaming? El roaming es un servicio que te permite utilizar el m\u00f3vil en el extranjero de la misma forma que si estuvieras en casa: Puedes navegar, hablar por tel\u00e9fono, enviar mensajes y usar las apps sin tener incrementos imprevistos a tu factura. El roaming siempre viene desactivado por defecto. C\u00f3mo puedo [&hellip;]","og_url":"https:\/\/aprooptelecom.com\/es\/roaming\/","og_site_name":"Aproop Telecom","article_modified_time":"2025-12-11T10:08:21+00:00","twitter_card":"summary_large_image","twitter_misc":{"Tiempo de lectura":"5 minutos"},"schema":{"@context":"https:\/\/schema.org","@graph":[{"@type":"WebPage","@id":"https:\/\/aprooptelecom.com\/es\/roaming\/","url":"https:\/\/aprooptelecom.com\/es\/roaming\/","name":"Roaming - Aproop Telecom","isPartOf":{"@id":"https:\/\/aprooptelecom.com\/es\/#website"},"datePublished":"2024-03-19T10:44:32+00:00","dateModified":"2025-12-11T10:08:21+00:00","breadcrumb":{"@id":"https:\/\/aprooptelecom.com\/es\/roaming\/#breadcrumb"},"inLanguage":"es","potentialAction":[{"@type":"ReadAction","target":["https:\/\/aprooptelecom.com\/es\/roaming\/"]}]},{"@type":"BreadcrumbList","@id":"https:\/\/aprooptelecom.com\/es\/roaming\/#breadcrumb","itemListElement":[{"@type":"ListItem","position":1,"name":"Inici","item":"https:\/\/aprooptelecom.com\/es\/"},{"@type":"ListItem","position":2,"name":"Roaming"}]},{"@type":"WebSite","@id":"https:\/\/aprooptelecom.com\/es\/#website","url":"https:\/\/aprooptelecom.com\/es\/","name":"Aproop Telecom","description":"Descobreix les tarifes que millor s\u2019adapten a tu i els teus! Contacta ara amb el nostre servei d\u2019atenci\u00f3 al client.","publisher":{"@id":"https:\/\/aprooptelecom.com\/es\/#organization"},"potentialAction":[{"@type":"SearchAction","target":{"@type":"EntryPoint","urlTemplate":"https:\/\/aprooptelecom.com\/es\/?s={search_term_string}"},"query-input":{"@type":"PropertyValueSpecification","valueRequired":true,"valueName":"search_term_string"}}],"inLanguage":"es"},{"@type":"Organization","@id":"https:\/\/aprooptelecom.com\/es\/#organization","name":"Aproop Telecom","url":"https:\/\/aprooptelecom.com\/es\/","logo":{"@type":"ImageObject","inLanguage":"es","@id":"https:\/\/aprooptelecom.com\/es\/#\/schema\/logo\/image\/","url":"https:\/\/aprooptelecom.com\/wp-content\/uploads\/2022\/11\/aproop-logo.svg","contentUrl":"https:\/\/aprooptelecom.com\/wp-content\/uploads\/2022\/11\/aproop-logo.svg","caption":"Aproop Telecom"},"image":{"@id":"https:\/\/aprooptelecom.com\/es\/#\/schema\/logo\/image\/"}}]}},"_links":{"self":[{"href":"https:\/\/aprooptelecom.com\/es\/wp-json\/wp\/v2\/pages\/7976","targetHints":{"allow":["GET"]}}],"collection":[{"href":"https:\/\/aprooptelecom.com\/es\/wp-json\/wp\/v2\/pages"}],"about":[{"href":"https:\/\/aprooptelecom.com\/es\/wp-json\/wp\/v2\/types\/page"}],"author":[{"embeddable":true,"href":"https:\/\/aprooptelecom.com\/es\/wp-json\/wp\/v2\/users\/1"}],"replies":[{"embeddable":true,"href":"https:\/\/aprooptelecom.com\/es\/wp-json\/wp\/v2\/comments?post=7976"}],"version-history":[{"count":40,"href":"https:\/\/aprooptelecom.com\/es\/wp-json\/wp\/v2\/pages\/7976\/revisions"}],"predecessor-version":[{"id":14571,"href":"https:\/\/aprooptelecom.com\/es\/wp-json\/wp\/v2\/pages\/7976\/revisions\/14571"}],"wp:attachment":[{"href":"https:\/\/aprooptelecom.com\/es\/wp-json\/wp\/v2\/media?parent=7976"}],"curies":[{"name":"wp","href":"https:\/\/api.w.org\/{rel}","templated":true}]}}