{"id":5692,"date":"2024-01-08T12:29:41","date_gmt":"2024-01-08T11:29:41","guid":{"rendered":"https:\/\/aprooptelecom.com\/ipc-2024-es\/"},"modified":"2024-04-04T09:14:52","modified_gmt":"2024-04-04T07:14:52","slug":"inc24-particulares-y-empresas","status":"publish","type":"page","link":"https:\/\/aprooptelecom.com\/es\/inc24-particulares-y-empresas\/","title":{"rendered":"INC24 &#8211; ES"},"content":{"rendered":"\t\t<div data-elementor-type=\"wp-page\" data-elementor-id=\"5692\" class=\"elementor elementor-5692 elementor-5670\" data-elementor-post-type=\"page\">\n\t\t\t\t\t\t<section data-dce-background-color=\"#013130\" data-dce-background-image-url=\"https:\/\/aprooptelecom.com\/wp-content\/uploads\/2024\/04\/cuadric.svg\" class=\"elementor-section elementor-top-section elementor-element elementor-element-e4c9d0b elementor-section-boxed elementor-section-height-default elementor-section-height-default\" data-id=\"e4c9d0b\" data-element_type=\"section\" data-e-type=\"section\" data-settings=\"{&quot;background_background&quot;:&quot;classic&quot;}\">\n\t\t\t\t\t\t<div class=\"elementor-container elementor-column-gap-default\">\n\t\t\t\t\t<div class=\"elementor-column elementor-col-100 elementor-top-column elementor-element elementor-element-6a557d0\" data-id=\"6a557d0\" data-element_type=\"column\" data-e-type=\"column\">\n\t\t\t<div class=\"elementor-widget-wrap elementor-element-populated\">\n\t\t\t\t\t\t<section class=\"elementor-section elementor-inner-section elementor-element elementor-element-008d6b1 elementor-section-boxed elementor-section-height-default elementor-section-height-default\" data-id=\"008d6b1\" data-element_type=\"section\" data-e-type=\"section\">\n\t\t\t\t\t\t<div class=\"elementor-container elementor-column-gap-default\">\n\t\t\t\t\t<div data-dce-background-color=\"#01302E\" class=\"elementor-column elementor-col-100 elementor-inner-column elementor-element elementor-element-fe7d2d2\" data-id=\"fe7d2d2\" data-element_type=\"column\" data-e-type=\"column\" data-settings=\"{&quot;background_background&quot;:&quot;classic&quot;}\">\n\t\t\t<div class=\"elementor-widget-wrap elementor-element-populated\">\n\t\t\t\t\t\t<div class=\"elementor-element elementor-element-1e2ecfc elementor-widget elementor-widget-heading\" data-id=\"1e2ecfc\" data-element_type=\"widget\" data-e-type=\"widget\" data-widget_type=\"heading.default\">\n\t\t\t\t<div class=\"elementor-widget-container\">\n\t\t\t\t\t<h1 class=\"elementor-heading-title elementor-size-default\">Comunicado de Clientes<\/h1>\t\t\t\t<\/div>\n\t\t\t\t<\/div>\n\t\t\t\t\t<\/div>\n\t\t<\/div>\n\t\t\t\t\t<\/div>\n\t\t<\/section>\n\t\t\t\t\t<\/div>\n\t\t<\/div>\n\t\t\t\t\t<\/div>\n\t\t<\/section>\n\t\t\t\t<section class=\"elementor-section elementor-top-section elementor-element elementor-element-10b2417 elementor-section-boxed elementor-section-height-default elementor-section-height-default\" data-id=\"10b2417\" data-element_type=\"section\" data-e-type=\"section\">\n\t\t\t\t\t\t<div class=\"elementor-container elementor-column-gap-default\">\n\t\t\t\t\t<div class=\"elementor-column elementor-col-100 elementor-top-column elementor-element elementor-element-af6ba86\" data-id=\"af6ba86\" data-element_type=\"column\" data-e-type=\"column\">\n\t\t\t<div class=\"elementor-widget-wrap elementor-element-populated\">\n\t\t\t\t\t\t<div class=\"elementor-element elementor-element-eb50d11 elementor-widget elementor-widget-text-editor\" data-id=\"eb50d11\" data-element_type=\"widget\" data-e-type=\"widget\" data-widget_type=\"text-editor.default\">\n\t\t\t\t<div class=\"elementor-widget-container\">\n\t\t\t\t\t\t\t\t\t<h2>COMUNICADO INCREMENTO IPC<\/h2><p><span dir=\"ltr\">Queremos informarte sobre una reciente actualizaci\u00f3n del \u00cdndice de Precios al Consumidor (IPC) y la consiguiente subida de precios de nuestro sector que ha comportado un ajuste a alguna de nuestras tarifas. <\/span><\/p><p><span dir=\"ltr\">Implementaremos un peque\u00f1o incremento de un 4% a estas tarifas para reflejar estos cambios econ\u00f3micos. Esta medida nos permite mantener la calidad de nuestros servicios y seguir ofreciendo el mejor servicio de atenci\u00f3n al cliente de todo el Estado. Estos cambios se aplicar\u00e1n a partir del d\u00eda 1 de enero de 2024 y se ver\u00e1n reflejados en tu factura que recibir\u00e1s a inicios de febrero.<\/span><\/p><p><strong>Productos afectados por el incremento del IPC<\/strong><\/p><p>Excepto productos contratados a partir del 1 de julio y producto AgileTV, el resto de productos se ven afectados por el incremento.<\/p><p>Para m\u00e1s informaci\u00f3n ll\u00e1manos al:\u00a0960 13 09 77.<\/p><h2>ACTUALIZACI\u00d3N PRECIOS SMS\u00a0<\/h2><p>Te informamos tambi\u00e9n que a partir del 1 de marzo de 2024 actualizamos las condiciones de tus servicios m\u00f3viles contratados. Nuevas condiciones: SMS nacional a 0,30 \u20ac (IVA incluido) \/ SMS internacional (pa\u00edses fuera de la UE) a 0,7 \u20ac (IVA incluido) \/ SMS Roaming a 1,21 \u20ac (IVA incluido).<\/p><p>\u00a0<\/p><p><img fetchpriority=\"high\" decoding=\"async\" class=\"aligncenter wp-image-5773 size-large\" src=\"https:\/\/aprooptelecom.com\/wp-content\/uploads\/2024\/01\/Group-317-1-1024x344.png\" alt=\"\" width=\"800\" height=\"269\" srcset=\"https:\/\/aprooptelecom.com\/wp-content\/uploads\/2024\/01\/Group-317-1-1024x344.png 1024w, https:\/\/aprooptelecom.com\/wp-content\/uploads\/2024\/01\/Group-317-1-300x101.png 300w, https:\/\/aprooptelecom.com\/wp-content\/uploads\/2024\/01\/Group-317-1-768x258.png 768w, https:\/\/aprooptelecom.com\/wp-content\/uploads\/2024\/01\/Group-317-1-1536x516.png 1536w, https:\/\/aprooptelecom.com\/wp-content\/uploads\/2024\/01\/Group-317-1-2048x689.png 2048w\" sizes=\"(max-width: 800px) 100vw, 800px\" \/><\/p>\t\t\t\t\t\t\t\t<\/div>\n\t\t\t\t<\/div>\n\t\t\t\t\t<\/div>\n\t\t<\/div>\n\t\t\t\t\t<\/div>\n\t\t<\/section>\n\t\t\t\t<\/div>\n\t\t","protected":false},"excerpt":{"rendered":"<p>Comunicado de Clientes COMUNICADO INCREMENTO IPC Queremos informarte sobre una reciente actualizaci\u00f3n del \u00cdndice de Precios al Consumidor (IPC) y la consiguiente subida de precios de nuestro sector que ha comportado un ajuste a alguna de nuestras tarifas. Implementaremos un peque\u00f1o incremento de un 4% a estas tarifas para reflejar estos cambios econ\u00f3micos. Esta medida [&hellip;]<\/p>\n","protected":false},"author":2,"featured_media":0,"parent":0,"menu_order":0,"comment_status":"closed","ping_status":"closed","template":"","meta":{"footnotes":""},"class_list":["post-5692","page","type-page","status-publish","hentry"],"yoast_head":"<!-- This site is optimized with the Yoast SEO plugin v27.2 - https:\/\/yoast.com\/product\/yoast-seo-wordpress\/ -->\n<title>Contrata las mejores tarifas de fibra y m\u00f3vil | aproop! - Condicions Generals de Contractaci\u00f3<\/title>\n<meta name=\"description\" content=\"Contacta con el Servicio de Atenci\u00f3n al Cliente de aproop! a trav\u00e9s del 900622020 o escribe un correo a atencioalclient@aprooptelecom.com. Te atenderemos lo antes posible.\" \/>\n<meta name=\"robots\" content=\"noindex, follow\" \/>\n<meta property=\"og:locale\" content=\"es_ES\" \/>\n<meta property=\"og:type\" content=\"article\" \/>\n<meta property=\"og:title\" content=\"Contrata las mejores tarifas de fibra y m\u00f3vil | aproop! - Condicions Generals de Contractaci\u00f3\" \/>\n<meta property=\"og:description\" content=\"Contacta con el Servicio de Atenci\u00f3n al Cliente de aproop! a trav\u00e9s del 900622020 o escribe un correo a atencioalclient@aprooptelecom.com. Te atenderemos lo antes posible.\" \/>\n<meta property=\"og:url\" content=\"https:\/\/aprooptelecom.com\/es\/inc24-particulares-y-empresas\/\" \/>\n<meta property=\"og:site_name\" content=\"Aproop Telecom\" \/>\n<meta property=\"article:modified_time\" content=\"2024-04-04T07:14:52+00:00\" \/>\n<meta property=\"og:image\" content=\"https:\/\/aprooptelecom.com\/wp-content\/uploads\/2024\/01\/Group-317-1-1024x344.png\" \/>\n<meta name=\"twitter:card\" content=\"summary_large_image\" \/>\n<meta name=\"twitter:label1\" content=\"Tiempo de lectura\" \/>\n\t<meta name=\"twitter:data1\" content=\"2 minutos\" \/>\n<script type=\"application\/ld+json\" class=\"yoast-schema-graph\">{\"@context\":\"https:\/\/schema.org\",\"@graph\":[{\"@type\":\"WebPage\",\"@id\":\"https:\/\/aprooptelecom.com\/es\/inc24-particulares-y-empresas\/\",\"url\":\"https:\/\/aprooptelecom.com\/es\/inc24-particulares-y-empresas\/\",\"name\":\"Contrata las mejores tarifas de fibra y m\u00f3vil | aproop! - Condicions Generals de Contractaci\u00f3\",\"isPartOf\":{\"@id\":\"https:\/\/aprooptelecom.com\/es\/#website\"},\"primaryImageOfPage\":{\"@id\":\"https:\/\/aprooptelecom.com\/es\/inc24-particulares-y-empresas\/#primaryimage\"},\"image\":{\"@id\":\"https:\/\/aprooptelecom.com\/es\/inc24-particulares-y-empresas\/#primaryimage\"},\"thumbnailUrl\":\"https:\/\/aprooptelecom.com\/wp-content\/uploads\/2024\/01\/Group-317-1-1024x344.png\",\"datePublished\":\"2024-01-08T11:29:41+00:00\",\"dateModified\":\"2024-04-04T07:14:52+00:00\",\"description\":\"Contacta con el Servicio de Atenci\u00f3n al Cliente de aproop! a trav\u00e9s del 900622020 o escribe un correo a atencioalclient@aprooptelecom.com. Te atenderemos lo antes posible.\",\"breadcrumb\":{\"@id\":\"https:\/\/aprooptelecom.com\/es\/inc24-particulares-y-empresas\/#breadcrumb\"},\"inLanguage\":\"es\",\"potentialAction\":[{\"@type\":\"ReadAction\",\"target\":[\"https:\/\/aprooptelecom.com\/es\/inc24-particulares-y-empresas\/\"]}]},{\"@type\":\"ImageObject\",\"inLanguage\":\"es\",\"@id\":\"https:\/\/aprooptelecom.com\/es\/inc24-particulares-y-empresas\/#primaryimage\",\"url\":\"https:\/\/aprooptelecom.com\/wp-content\/uploads\/2024\/01\/Group-317-1-1024x344.png\",\"contentUrl\":\"https:\/\/aprooptelecom.com\/wp-content\/uploads\/2024\/01\/Group-317-1-1024x344.png\"},{\"@type\":\"BreadcrumbList\",\"@id\":\"https:\/\/aprooptelecom.com\/es\/inc24-particulares-y-empresas\/#breadcrumb\",\"itemListElement\":[{\"@type\":\"ListItem\",\"position\":1,\"name\":\"Inici\",\"item\":\"https:\/\/aprooptelecom.com\/es\/\"},{\"@type\":\"ListItem\",\"position\":2,\"name\":\"INC24 &#8211; ES\"}]},{\"@type\":\"WebSite\",\"@id\":\"https:\/\/aprooptelecom.com\/es\/#website\",\"url\":\"https:\/\/aprooptelecom.com\/es\/\",\"name\":\"Aproop Telecom\",\"description\":\"Descobreix les tarifes que millor s\u2019adapten a tu i els teus! Contacta ara amb el nostre servei d\u2019atenci\u00f3 al client.\",\"publisher\":{\"@id\":\"https:\/\/aprooptelecom.com\/es\/#organization\"},\"potentialAction\":[{\"@type\":\"SearchAction\",\"target\":{\"@type\":\"EntryPoint\",\"urlTemplate\":\"https:\/\/aprooptelecom.com\/es\/?s={search_term_string}\"},\"query-input\":{\"@type\":\"PropertyValueSpecification\",\"valueRequired\":true,\"valueName\":\"search_term_string\"}}],\"inLanguage\":\"es\"},{\"@type\":\"Organization\",\"@id\":\"https:\/\/aprooptelecom.com\/es\/#organization\",\"name\":\"Aproop Telecom\",\"url\":\"https:\/\/aprooptelecom.com\/es\/\",\"logo\":{\"@type\":\"ImageObject\",\"inLanguage\":\"es\",\"@id\":\"https:\/\/aprooptelecom.com\/es\/#\/schema\/logo\/image\/\",\"url\":\"https:\/\/aprooptelecom.com\/wp-content\/uploads\/2022\/11\/aproop-logo.svg\",\"contentUrl\":\"https:\/\/aprooptelecom.com\/wp-content\/uploads\/2022\/11\/aproop-logo.svg\",\"caption\":\"Aproop Telecom\"},\"image\":{\"@id\":\"https:\/\/aprooptelecom.com\/es\/#\/schema\/logo\/image\/\"}}]}<\/script>\n<!-- \/ Yoast SEO plugin. -->","yoast_head_json":{"title":"Contrata las mejores tarifas de fibra y m\u00f3vil | aproop! - Condicions Generals de Contractaci\u00f3","description":"Contacta con el Servicio de Atenci\u00f3n al Cliente de aproop! a trav\u00e9s del 900622020 o escribe un correo a atencioalclient@aprooptelecom.com. Te atenderemos lo antes posible.","robots":{"index":"noindex","follow":"follow"},"og_locale":"es_ES","og_type":"article","og_title":"Contrata las mejores tarifas de fibra y m\u00f3vil | aproop! - Condicions Generals de Contractaci\u00f3","og_description":"Contacta con el Servicio de Atenci\u00f3n al Cliente de aproop! a trav\u00e9s del 900622020 o escribe un correo a atencioalclient@aprooptelecom.com. Te atenderemos lo antes posible.","og_url":"https:\/\/aprooptelecom.com\/es\/inc24-particulares-y-empresas\/","og_site_name":"Aproop Telecom","article_modified_time":"2024-04-04T07:14:52+00:00","og_image":[{"url":"https:\/\/aprooptelecom.com\/wp-content\/uploads\/2024\/01\/Group-317-1-1024x344.png","type":"","width":"","height":""}],"twitter_card":"summary_large_image","twitter_misc":{"Tiempo de lectura":"2 minutos"},"schema":{"@context":"https:\/\/schema.org","@graph":[{"@type":"WebPage","@id":"https:\/\/aprooptelecom.com\/es\/inc24-particulares-y-empresas\/","url":"https:\/\/aprooptelecom.com\/es\/inc24-particulares-y-empresas\/","name":"Contrata las mejores tarifas de fibra y m\u00f3vil | aproop! - Condicions Generals de Contractaci\u00f3","isPartOf":{"@id":"https:\/\/aprooptelecom.com\/es\/#website"},"primaryImageOfPage":{"@id":"https:\/\/aprooptelecom.com\/es\/inc24-particulares-y-empresas\/#primaryimage"},"image":{"@id":"https:\/\/aprooptelecom.com\/es\/inc24-particulares-y-empresas\/#primaryimage"},"thumbnailUrl":"https:\/\/aprooptelecom.com\/wp-content\/uploads\/2024\/01\/Group-317-1-1024x344.png","datePublished":"2024-01-08T11:29:41+00:00","dateModified":"2024-04-04T07:14:52+00:00","description":"Contacta con el Servicio de Atenci\u00f3n al Cliente de aproop! a trav\u00e9s del 900622020 o escribe un correo a atencioalclient@aprooptelecom.com. Te atenderemos lo antes posible.","breadcrumb":{"@id":"https:\/\/aprooptelecom.com\/es\/inc24-particulares-y-empresas\/#breadcrumb"},"inLanguage":"es","potentialAction":[{"@type":"ReadAction","target":["https:\/\/aprooptelecom.com\/es\/inc24-particulares-y-empresas\/"]}]},{"@type":"ImageObject","inLanguage":"es","@id":"https:\/\/aprooptelecom.com\/es\/inc24-particulares-y-empresas\/#primaryimage","url":"https:\/\/aprooptelecom.com\/wp-content\/uploads\/2024\/01\/Group-317-1-1024x344.png","contentUrl":"https:\/\/aprooptelecom.com\/wp-content\/uploads\/2024\/01\/Group-317-1-1024x344.png"},{"@type":"BreadcrumbList","@id":"https:\/\/aprooptelecom.com\/es\/inc24-particulares-y-empresas\/#breadcrumb","itemListElement":[{"@type":"ListItem","position":1,"name":"Inici","item":"https:\/\/aprooptelecom.com\/es\/"},{"@type":"ListItem","position":2,"name":"INC24 &#8211; ES"}]},{"@type":"WebSite","@id":"https:\/\/aprooptelecom.com\/es\/#website","url":"https:\/\/aprooptelecom.com\/es\/","name":"Aproop Telecom","description":"Descobreix les tarifes que millor s\u2019adapten a tu i els teus! Contacta ara amb el nostre servei d\u2019atenci\u00f3 al client.","publisher":{"@id":"https:\/\/aprooptelecom.com\/es\/#organization"},"potentialAction":[{"@type":"SearchAction","target":{"@type":"EntryPoint","urlTemplate":"https:\/\/aprooptelecom.com\/es\/?s={search_term_string}"},"query-input":{"@type":"PropertyValueSpecification","valueRequired":true,"valueName":"search_term_string"}}],"inLanguage":"es"},{"@type":"Organization","@id":"https:\/\/aprooptelecom.com\/es\/#organization","name":"Aproop Telecom","url":"https:\/\/aprooptelecom.com\/es\/","logo":{"@type":"ImageObject","inLanguage":"es","@id":"https:\/\/aprooptelecom.com\/es\/#\/schema\/logo\/image\/","url":"https:\/\/aprooptelecom.com\/wp-content\/uploads\/2022\/11\/aproop-logo.svg","contentUrl":"https:\/\/aprooptelecom.com\/wp-content\/uploads\/2022\/11\/aproop-logo.svg","caption":"Aproop Telecom"},"image":{"@id":"https:\/\/aprooptelecom.com\/es\/#\/schema\/logo\/image\/"}}]}},"_links":{"self":[{"href":"https:\/\/aprooptelecom.com\/es\/wp-json\/wp\/v2\/pages\/5692","targetHints":{"allow":["GET"]}}],"collection":[{"href":"https:\/\/aprooptelecom.com\/es\/wp-json\/wp\/v2\/pages"}],"about":[{"href":"https:\/\/aprooptelecom.com\/es\/wp-json\/wp\/v2\/types\/page"}],"author":[{"embeddable":true,"href":"https:\/\/aprooptelecom.com\/es\/wp-json\/wp\/v2\/users\/2"}],"replies":[{"embeddable":true,"href":"https:\/\/aprooptelecom.com\/es\/wp-json\/wp\/v2\/comments?post=5692"}],"version-history":[{"count":43,"href":"https:\/\/aprooptelecom.com\/es\/wp-json\/wp\/v2\/pages\/5692\/revisions"}],"predecessor-version":[{"id":8391,"href":"https:\/\/aprooptelecom.com\/es\/wp-json\/wp\/v2\/pages\/5692\/revisions\/8391"}],"wp:attachment":[{"href":"https:\/\/aprooptelecom.com\/es\/wp-json\/wp\/v2\/media?parent=5692"}],"curies":[{"name":"wp","href":"https:\/\/api.w.org\/{rel}","templated":true}]}}