{"id":2338,"date":"2023-05-25T08:25:23","date_gmt":"2023-05-25T06:25:23","guid":{"rendered":"https:\/\/aprooptelecom.com\/segundas-lineas-movil\/"},"modified":"2023-07-11T09:20:50","modified_gmt":"2023-07-11T09:20:50","slug":"segundas-lineas-movil","status":"publish","type":"page","link":"https:\/\/aprooptelecom.com\/es\/segundas-lineas-movil\/","title":{"rendered":"Segundas L\u00edneas M\u00f3vil"},"content":{"rendered":"\t\t<div data-elementor-type=\"wp-page\" data-elementor-id=\"2338\" class=\"elementor elementor-2338 elementor-1382\" data-elementor-post-type=\"page\">\n\t\t\t\t\t\t<section class=\"elementor-section elementor-top-section elementor-element elementor-element-56c7dd9 elementor-section-boxed elementor-section-height-default elementor-section-height-default\" data-id=\"56c7dd9\" data-element_type=\"section\" data-e-type=\"section\">\n\t\t\t\t\t\t<div class=\"elementor-container elementor-column-gap-default\">\n\t\t\t\t\t<div class=\"elementor-column elementor-col-100 elementor-top-column elementor-element elementor-element-a9c77a3\" data-id=\"a9c77a3\" data-element_type=\"column\" data-e-type=\"column\">\n\t\t\t<div class=\"elementor-widget-wrap elementor-element-populated\">\n\t\t\t\t\t\t<div class=\"elementor-element elementor-element-35933bd elementor-widget elementor-widget-heading\" data-id=\"35933bd\" data-element_type=\"widget\" data-e-type=\"widget\" data-widget_type=\"heading.default\">\n\t\t\t\t<div class=\"elementor-widget-container\">\n\t\t\t\t\t<h1 class=\"elementor-heading-title elementor-size-default\">\u00a1Tenemos segundas l\u00edneas para ti!<\/h1>\t\t\t\t<\/div>\n\t\t\t\t<\/div>\n\t\t\t\t<div class=\"elementor-element elementor-element-0ed6673 dce_masking-none elementor-widget elementor-widget-image\" data-id=\"0ed6673\" data-element_type=\"widget\" data-e-type=\"widget\" data-widget_type=\"image.default\">\n\t\t\t\t<div class=\"elementor-widget-container\">\n\t\t\t\t\t\t\t\t\t\t\t\t\t\t\t<img decoding=\"async\" width=\"998\" height=\"23\" src=\"https:\/\/aprooptelecom.com\/wp-content\/uploads\/2023\/05\/franja.jpg\" class=\"attachment-full size-full wp-image-1390\" alt=\"\" srcset=\"https:\/\/aprooptelecom.com\/wp-content\/uploads\/2023\/05\/franja.jpg 998w, https:\/\/aprooptelecom.com\/wp-content\/uploads\/2023\/05\/franja-300x7.jpg 300w, https:\/\/aprooptelecom.com\/wp-content\/uploads\/2023\/05\/franja-768x18.jpg 768w\" sizes=\"(max-width: 998px) 100vw, 998px\" \/>\t\t\t\t\t\t\t\t\t\t\t\t\t\t\t<\/div>\n\t\t\t\t<\/div>\n\t\t\t\t<div class=\"elementor-element elementor-element-8284d40 elementor-align-center elementor-icon-list--layout-traditional elementor-list-item-link-full_width elementor-widget elementor-widget-icon-list\" data-id=\"8284d40\" data-element_type=\"widget\" data-e-type=\"widget\" data-widget_type=\"icon-list.default\">\n\t\t\t\t<div class=\"elementor-widget-container\">\n\t\t\t\t\t\t\t<ul class=\"elementor-icon-list-items\">\n\t\t\t\t\t\t\t<li class=\"elementor-icon-list-item\">\n\t\t\t\t\t\t\t\t\t\t\t<span class=\"elementor-icon-list-icon\">\n\t\t\t\t\t\t\t<svg xmlns=\"http:\/\/www.w3.org\/2000\/svg\" xmlns:xlink=\"http:\/\/www.w3.org\/1999\/xlink\" id=\"Capa_1\" data-name=\"Capa 1\" viewBox=\"0 0 125 58\"><image width=\"125\" height=\"58\" xlink:href=\"data:image\/png;base64,iVBORw0KGgoAAAANSUhEUgAAAH0AAAA6CAYAAACd3VbxAAAAGXRFWHRTb2Z0d2FyZQBBZG9iZSBJbWFnZVJlYWR5ccllPAAAAyZpVFh0WE1MOmNvbS5hZG9iZS54bXAAAAAAADw\/eHBhY2tldCBiZWdpbj0i77u\/IiBpZD0iVzVNME1wQ2VoaUh6cmVTek5UY3prYzlkIj8+IDx4OnhtcG1ldGEgeG1sbnM6eD0iYWRvYmU6bnM6bWV0YS8iIHg6eG1wdGs9IkFkb2JlIFhNUCBDb3JlIDkuMC1jMDAwIDc5LjE3MWMyN2ZhYiwgMjAyMi8wOC8xNi0yMjozNTo0MSAgICAgICAgIj4gPHJkZjpSREYgeG1sbnM6cmRmPSJodHRwOi8vd3d3LnczLm9yZy8xOTk5LzAyLzIyLXJkZi1zeW50YXgtbnMjIj4gPHJkZjpEZXNjcmlwdGlvbiByZGY6YWJvdXQ9IiIgeG1sbnM6eG1wPSJodHRwOi8vbnMuYWRvYmUuY29tL3hhcC8xLjAvIiB4bWxuczp4bXBNTT0iaHR0cDovL25zLmFkb2JlLmNvbS94YXAvMS4wL21tLyIgeG1sbnM6c3RSZWY9Imh0dHA6Ly9ucy5hZG9iZS5jb20veGFwLzEuMC9zVHlwZS9SZXNvdXJjZVJlZiMiIHhtcDpDcmVhdG9yVG9vbD0iQWRvYmUgUGhvdG9zaG9wIDI0LjEgKFdpbmRvd3MpIiB4bXBNTTpJbnN0YW5jZUlEPSJ4bXAuaWlkOjg3QzY3MDQ5RkFENjExRURCRjNDQzgwRDFGRTZCQUMyIiB4bXBNTTpEb2N1bWVudElEPSJ4bXAuZGlkOjg3QzY3MDRBRkFENjExRURCRjNDQzgwRDFGRTZCQUMyIj4gPHhtcE1NOkRlcml2ZWRGcm9tIHN0UmVmOmluc3RhbmNlSUQ9InhtcC5paWQ6ODdDNjcwNDdGQUQ2MTFFREJGM0NDODBEMUZFNkJBQzIiIHN0UmVmOmRvY3VtZW50SUQ9InhtcC5kaWQ6ODdDNjcwNDhGQUQ2MTFFREJGM0NDODBEMUZFNkJBQzIiLz4gPC9yZGY6RGVzY3JpcHRpb24+IDwvcmRmOlJERj4gPC94OnhtcG1ldGE+IDw\/eHBhY2tldCBlbmQ9InIiPz77sWNAAAAHU0lEQVR42uxdXUwUVxS+jPu\/LMsuyp8UV0y0qcSoNdGkwkMbY2JtX6wP8mKsfamm2D7UpKFJaSp9qA9WWps0LaWkCbZB+9C\/9CdtUvABEyKG0ERNxNXwuyssy+6yy+4CnTPMrMMK7NyZO7szlz0vrMI9e8\/3nXvuuTdzzhQsLi4itSUavWeCnwsLEVs8fr\/GZNo2xDD2Wfg\/q3V7HK0zScfDYCj3GQylvmzhYSCtMBLpL47Fbu+am7tdOxttfVf0K88Kf+4VPtisjRfN5t2DNtsLvTQ5AhAciw3URqM9B+TgYbHsHrDb90yTnFMBqZU+4f\/0aCR8\/uTCQmLfKgZJFS\/DGPvshZ90lG16+xe9kq0GHkWFR\/4ksSAUkQ5eHAhceUPkwR6CuHkFj3e5zn6th9WvMh4cJiTwkE366Oi5M7xxnizgyRlbWXn5C60Sric8sEkPBK7tnZw6fl0lT8648kvcXcdcrtduaYVsPeKBRfqj4Yb343NXT2fZOM2u+iyv7lXxMJlPtFVXdV4gTvrQA1MXgaSEmKGQ3NRsjR\/P1QQePqq\/nEj0vKpHPCSRrjHCc0683vFgdGogt3\/CvGB+ecLx8GB0amBOiKcFD8NaSRuOgWxoQa7iTuRwvIgMBrfsWc\/Fh9FspBcFphsQ+\/1SDeXmi5PM4IpcPGz2A8hsqpL9vcnkFAqF\/iGKB7PabRJOls5mj6j6mXHEHh0UEQ4CAIEe0Ad6pXo4zBfmrQbhk5Pt9bh4bN48xNmhhHBuVbJ4ysVjbOLDBkmJHNydj43v7cfxaM+WIPvTynpiFM2EutmV+ptsI232I6jIUZ\/S533olOrhXDJTUX5rD8m7arhlGxndcVcOHiDTwT80h8dTpPNHkUapWstKe9iQfpCb0PDoacR6mGKgwaOrKts4Q0OhG2jCVyd5rNFY17qluvsc4aOZbvFgnfBaekbPpN8u8WdPqQo5A0H8k18SMRAE9IA+EEG\/VIH5gx0k5oGLB4jd\/jw\/9nvV8ADcpQrkIel4LCd9uuE9nMzUYn7zybYQPk90HxXrs1kbcYZ6eDuUk46JB8xTCOvhSLtqeIhxl4MHI\/ZqPjuVJRj7jOr6wA52L92u5PthvBI82AihKTzEqz1F+kyo9aSGz5\/Y59VgsOWsEgX8eGrw4Pl9Qjpk7Lh7l9ZFqT004gE8p0gPz\/57kCKvXna+zuY4ra92nucl0mPRHw9RaWSk\/ZispCn6Vz2Ni0DgmaExlCkN0fztG7V4MEKcp1Vw7RMeT6ZVQqEbVQw8d01jKBNCPG+f9BAYG6ilGY9kcryUicX\/e5Zmz44nhyvxzrShQprxAL6ZxfkpqsP7fOJBNc7fQ5EGzXgA3wzKy7qTPOl50vOSJz0vedLzQgnpG4xbH9FsIK59UB5MMx4FG9zTjMlQNUqzkbj2MYwjTDMeFtPOOwx0hUCiYnjKxGux7MJaufzfU4sH1wWEdJcDrQluHTft7VCAby6RMxrrfqIytJtPtGVznNZF4JkjvdB+6jqFIc1rtx7qlrUalsZRF+J5npdILyk51U2jZ8u1i1I8vNDECT4YxEsf56H+tTPgpTouXMGo15IcypRsDfG5qx\/RhIeQr6RId7s+vjjhqyNSZF9RPggJEf5xwrILjYzuIOLVYI8SBS7nmW8nfGS6bmgBD6ez6YrwjxTpDsfBYf9jYx\/rWR6ZnpR61ts\/2Yw2lTRj64BxYn0KVlYf2KMEJRg\/FcCLfskFv2p44FS1rIRHsfPwvdQFjbiWTdQ0RzLxNVtnuaoOdixix5Lbj91dXLUm1IQNPbBhefXGjb8fFhspV+DRIjb69egdj\/RmRMvu3uEXuHthMPirMBa3\/Gj17LmwmdMn1o+zd5EgXFjtuMc3MR6OoktE8ABcnc6Xuc9QFYyLR3r3qaeqVuWU5kIttlCHHYn0o3j8vvwEyrQNLhC4z9CgYGSkBqs0d3Pl3R0kL1iU4sGOh+fuNIXHio2G4GH\/wPTrHTiGyk1W1gAbjY3XYhnoKv7mpBrHLdxtTw085BC+Gh4bmpufTjBstj0Pw7P3HPPzg\/AkacZn6BYXF9j973OUmC9GBcjMGm1OVW\/iCLTaiEbvoEDwB\/T48VFOr1QDIQxXlF\/4To0DrtX63FgsFkgkkjd35goPv\/8wMTzWbCmmg8Y6nIGwb5FsRLCaaKR5YkY8MrUWy9hHTuPEZ72XHA14ZHxyBhSAIqS9u+icNA+kAQ9GqqH80UUrhnJ7Vq7ahOodD6yGwNCiKhJubslxaPOy5\/imirIPOnONNLQwC82885ne8MBu\/Q1tOaamXmnJwb7GhS+3++cmUpcvJAQKJCd8+7\/SEx6ym\/yLvBypbCwXQh1Fl97S8us9sogHh4kSPBS\/w0VFY3VBdi7wUPouF2Iv7oFbK2hmI2oE4JFrGJy7ixyNHVp6gwNNeBSo8V422Pejsd598bm\/96d1g\/CkGyQYZTK\/dNNqOdCnpf2aVjwKsvEyPpCVOjysxxfxaQGP\/wUYAEaA4w3v0QzPAAAAAElFTkSuQmCC\"><\/image><\/svg>\t\t\t\t\t\t<\/span>\n\t\t\t\t\t\t\t\t\t\t<span class=\"elementor-icon-list-text\">\u00a1Con llamadas ilimitadas!<\/span>\n\t\t\t\t\t\t\t\t\t<\/li>\n\t\t\t\t\t\t<\/ul>\n\t\t\t\t\t\t<\/div>\n\t\t\t\t<\/div>\n\t\t\t\t<section class=\"elementor-section elementor-inner-section elementor-element elementor-element-cc2f19c elementor-section-boxed elementor-section-height-default elementor-section-height-default\" data-id=\"cc2f19c\" data-element_type=\"section\" data-e-type=\"section\">\n\t\t\t\t\t\t<div class=\"elementor-container elementor-column-gap-default\">\n\t\t\t\t\t<div class=\"elementor-column elementor-col-100 elementor-inner-column elementor-element elementor-element-5bb27cb\" data-id=\"5bb27cb\" data-element_type=\"column\" data-e-type=\"column\">\n\t\t\t<div class=\"elementor-widget-wrap elementor-element-populated\">\n\t\t\t\t\t\t<div class=\"elementor-element elementor-element-431c3cd elementor-widget__width-initial elementor-widget elementor-widget-icon-box\" data-id=\"431c3cd\" data-element_type=\"widget\" data-e-type=\"widget\" data-widget_type=\"icon-box.default\">\n\t\t\t\t<div class=\"elementor-widget-container\">\n\t\t\t\t\t\t\t<div class=\"elementor-icon-box-wrapper\">\n\n\t\t\t\n\t\t\t\t\t\t<div class=\"elementor-icon-box-content\">\n\n\t\t\t\t\t\t\t\t\t<h3 class=\"elementor-icon-box-title\">\n\t\t\t\t\t\t<span  >\n\t\t\t\t\t\t\tA\u00f1ade l\u00edneas adicionales a tu pack.\t\t\t\t\t\t<\/span>\n\t\t\t\t\t<\/h3>\n\t\t\t\t\n\t\t\t\t\t\t\t\t\t<p class=\"elementor-icon-box-description\">\n\t\t\t\t\t\t<b>Segundas l\u00edneas adicionales:<\/b>\u00a0M\u00e1ximo 4 l\u00edneas a contratar por el mismo titular por paquete de fibra, fijo y m\u00f3vil individual. Las segundas l\u00edneas han de tener igual o menos GB que el m\u00f3vil asociado al paquete.\r\n\t\t\t\t\t<\/p>\n\t\t\t\t\n\t\t\t<\/div>\n\t\t\t\n\t\t<\/div>\n\t\t\t\t\t\t<\/div>\n\t\t\t\t<\/div>\n\t\t\t\t\t<\/div>\n\t\t<\/div>\n\t\t\t\t\t<\/div>\n\t\t<\/section>\n\t\t\t\t\t<\/div>\n\t\t<\/div>\n\t\t\t\t\t<\/div>\n\t\t<\/section>\n\t\t\t\t<section data-dce-background-color=\"#DCDC03\" class=\"elementor-section elementor-top-section elementor-element elementor-element-578309f elementor-section-boxed elementor-section-height-default elementor-section-height-default\" data-id=\"578309f\" data-element_type=\"section\" data-e-type=\"section\" data-settings=\"{&quot;background_background&quot;:&quot;classic&quot;}\">\n\t\t\t\t\t\t<div class=\"elementor-container elementor-column-gap-default\">\n\t\t\t\t\t<div class=\"elementor-column elementor-col-100 elementor-top-column elementor-element elementor-element-a9bc769\" data-id=\"a9bc769\" data-element_type=\"column\" data-e-type=\"column\">\n\t\t\t<div class=\"elementor-widget-wrap elementor-element-populated\">\n\t\t\t\t\t\t<div class=\"elementor-element elementor-element-b6b8c92 dce_masking-none elementor-widget elementor-widget-image\" data-id=\"b6b8c92\" data-element_type=\"widget\" data-e-type=\"widget\" data-widget_type=\"image.default\">\n\t\t\t\t<div class=\"elementor-widget-container\">\n\t\t\t\t\t\t\t\t\t\t\t\t\t\t\t<img fetchpriority=\"high\" decoding=\"async\" width=\"998\" height=\"285\" src=\"https:\/\/aprooptelecom.com\/wp-content\/uploads\/2023\/05\/back-add.jpg\" class=\"attachment-full size-full wp-image-1386\" alt=\"Lines Adiccionales\" srcset=\"https:\/\/aprooptelecom.com\/wp-content\/uploads\/2023\/05\/back-add.jpg 998w, https:\/\/aprooptelecom.com\/wp-content\/uploads\/2023\/05\/back-add-300x86.jpg 300w, https:\/\/aprooptelecom.com\/wp-content\/uploads\/2023\/05\/back-add-768x219.jpg 768w\" sizes=\"(max-width: 998px) 100vw, 998px\" \/>\t\t\t\t\t\t\t\t\t\t\t\t\t\t\t<\/div>\n\t\t\t\t<\/div>\n\t\t\t\t\t<\/div>\n\t\t<\/div>\n\t\t\t\t\t<\/div>\n\t\t<\/section>\n\t\t\t\t<section class=\"elementor-section elementor-top-section elementor-element elementor-element-60d1104 elementor-section-boxed elementor-section-height-default elementor-section-height-default\" data-id=\"60d1104\" data-element_type=\"section\" data-e-type=\"section\">\n\t\t\t\t\t\t<div class=\"elementor-container elementor-column-gap-default\">\n\t\t\t\t\t<div class=\"elementor-column elementor-col-100 elementor-top-column elementor-element elementor-element-80cfe0b\" data-id=\"80cfe0b\" data-element_type=\"column\" data-e-type=\"column\">\n\t\t\t<div class=\"elementor-widget-wrap elementor-element-populated\">\n\t\t\t\t\t\t<div class=\"elementor-element elementor-element-aab30e4 elementor-widget elementor-widget-heading\" data-id=\"aab30e4\" data-element_type=\"widget\" data-e-type=\"widget\" data-widget_type=\"heading.default\">\n\t\t\t\t<div class=\"elementor-widget-container\">\n\t\t\t\t\t<div class=\"elementor-heading-title elementor-size-default\">Escoge tu paquete de Fibra + Fijo + M\u00f3vil individual y a\u00f1ade tus l\u00edneas adicionales durante el proceso de contrataci\u00f3n.<\/div>\t\t\t\t<\/div>\n\t\t\t\t<\/div>\n\t\t\t\t\t<\/div>\n\t\t<\/div>\n\t\t\t\t\t<\/div>\n\t\t<\/section>\n\t\t\t\t<\/div>\n\t\t","protected":false},"excerpt":{"rendered":"<p>\u00a1Tenemos segundas l\u00edneas para ti! \u00a1Con llamadas ilimitadas! A\u00f1ade l\u00edneas adicionales a tu pack. Segundas l\u00edneas adicionales:\u00a0M\u00e1ximo 4 l\u00edneas a contratar por el mismo titular por paquete de fibra, fijo y m\u00f3vil individual. Las segundas l\u00edneas han de tener igual o menos GB que el m\u00f3vil asociado al paquete. Escoge tu paquete de Fibra + [&hellip;]<\/p>\n","protected":false},"author":1,"featured_media":0,"parent":0,"menu_order":0,"comment_status":"closed","ping_status":"closed","template":"","meta":{"footnotes":""},"class_list":["post-2338","page","type-page","status-publish","hentry"],"yoast_head":"<!-- This site is optimized with the Yoast SEO plugin v27.2 - https:\/\/yoast.com\/product\/yoast-seo-wordpress\/ -->\n<title>Segundas L\u00edneas M\u00f3vil - Aproop Telecom<\/title>\n<meta name=\"robots\" content=\"index, follow, max-snippet:-1, max-image-preview:large, max-video-preview:-1\" \/>\n<link rel=\"canonical\" href=\"https:\/\/aprooptelecom.com\/es\/segundas-lineas-movil\/\" \/>\n<meta property=\"og:locale\" content=\"es_ES\" \/>\n<meta property=\"og:type\" content=\"article\" \/>\n<meta property=\"og:title\" content=\"Segundas L\u00edneas M\u00f3vil - Aproop Telecom\" \/>\n<meta property=\"og:description\" content=\"\u00a1Tenemos segundas l\u00edneas para ti! \u00a1Con llamadas ilimitadas! A\u00f1ade l\u00edneas adicionales a tu pack. Segundas l\u00edneas adicionales:\u00a0M\u00e1ximo 4 l\u00edneas a contratar por el mismo titular por paquete de fibra, fijo y m\u00f3vil individual. Las segundas l\u00edneas han de tener igual o menos GB que el m\u00f3vil asociado al paquete. Escoge tu paquete de Fibra + [&hellip;]\" \/>\n<meta property=\"og:url\" content=\"https:\/\/aprooptelecom.com\/es\/segundas-lineas-movil\/\" \/>\n<meta property=\"og:site_name\" content=\"Aproop Telecom\" \/>\n<meta property=\"article:modified_time\" content=\"2023-07-11T09:20:50+00:00\" \/>\n<meta property=\"og:image\" content=\"https:\/\/aprooptelecom.com\/wp-content\/uploads\/2023\/05\/franja.jpg\" \/>\n<meta name=\"twitter:card\" content=\"summary_large_image\" \/>\n<script type=\"application\/ld+json\" class=\"yoast-schema-graph\">{\"@context\":\"https:\/\/schema.org\",\"@graph\":[{\"@type\":\"WebPage\",\"@id\":\"https:\/\/aprooptelecom.com\/es\/segundas-lineas-movil\/\",\"url\":\"https:\/\/aprooptelecom.com\/es\/segundas-lineas-movil\/\",\"name\":\"Segundas L\u00edneas M\u00f3vil - Aproop Telecom\",\"isPartOf\":{\"@id\":\"https:\/\/aprooptelecom.com\/es\/#website\"},\"primaryImageOfPage\":{\"@id\":\"https:\/\/aprooptelecom.com\/es\/segundas-lineas-movil\/#primaryimage\"},\"image\":{\"@id\":\"https:\/\/aprooptelecom.com\/es\/segundas-lineas-movil\/#primaryimage\"},\"thumbnailUrl\":\"https:\/\/aprooptelecom.com\/wp-content\/uploads\/2023\/05\/franja.jpg\",\"datePublished\":\"2023-05-25T06:25:23+00:00\",\"dateModified\":\"2023-07-11T09:20:50+00:00\",\"breadcrumb\":{\"@id\":\"https:\/\/aprooptelecom.com\/es\/segundas-lineas-movil\/#breadcrumb\"},\"inLanguage\":\"es\",\"potentialAction\":[{\"@type\":\"ReadAction\",\"target\":[\"https:\/\/aprooptelecom.com\/es\/segundas-lineas-movil\/\"]}]},{\"@type\":\"ImageObject\",\"inLanguage\":\"es\",\"@id\":\"https:\/\/aprooptelecom.com\/es\/segundas-lineas-movil\/#primaryimage\",\"url\":\"https:\/\/aprooptelecom.com\/wp-content\/uploads\/2023\/05\/franja.jpg\",\"contentUrl\":\"https:\/\/aprooptelecom.com\/wp-content\/uploads\/2023\/05\/franja.jpg\"},{\"@type\":\"BreadcrumbList\",\"@id\":\"https:\/\/aprooptelecom.com\/es\/segundas-lineas-movil\/#breadcrumb\",\"itemListElement\":[{\"@type\":\"ListItem\",\"position\":1,\"name\":\"Inici\",\"item\":\"https:\/\/aprooptelecom.com\/es\/\"},{\"@type\":\"ListItem\",\"position\":2,\"name\":\"Segundas L\u00edneas M\u00f3vil\"}]},{\"@type\":\"WebSite\",\"@id\":\"https:\/\/aprooptelecom.com\/es\/#website\",\"url\":\"https:\/\/aprooptelecom.com\/es\/\",\"name\":\"Aproop Telecom\",\"description\":\"Descobreix les tarifes que millor s\u2019adapten a tu i els teus! Contacta ara amb el nostre servei d\u2019atenci\u00f3 al client.\",\"publisher\":{\"@id\":\"https:\/\/aprooptelecom.com\/es\/#organization\"},\"potentialAction\":[{\"@type\":\"SearchAction\",\"target\":{\"@type\":\"EntryPoint\",\"urlTemplate\":\"https:\/\/aprooptelecom.com\/es\/?s={search_term_string}\"},\"query-input\":{\"@type\":\"PropertyValueSpecification\",\"valueRequired\":true,\"valueName\":\"search_term_string\"}}],\"inLanguage\":\"es\"},{\"@type\":\"Organization\",\"@id\":\"https:\/\/aprooptelecom.com\/es\/#organization\",\"name\":\"Aproop Telecom\",\"url\":\"https:\/\/aprooptelecom.com\/es\/\",\"logo\":{\"@type\":\"ImageObject\",\"inLanguage\":\"es\",\"@id\":\"https:\/\/aprooptelecom.com\/es\/#\/schema\/logo\/image\/\",\"url\":\"https:\/\/aprooptelecom.com\/wp-content\/uploads\/2022\/11\/aproop-logo.svg\",\"contentUrl\":\"https:\/\/aprooptelecom.com\/wp-content\/uploads\/2022\/11\/aproop-logo.svg\",\"caption\":\"Aproop Telecom\"},\"image\":{\"@id\":\"https:\/\/aprooptelecom.com\/es\/#\/schema\/logo\/image\/\"}}]}<\/script>\n<!-- \/ Yoast SEO plugin. -->","yoast_head_json":{"title":"Segundas L\u00edneas M\u00f3vil - Aproop Telecom","robots":{"index":"index","follow":"follow","max-snippet":"max-snippet:-1","max-image-preview":"max-image-preview:large","max-video-preview":"max-video-preview:-1"},"canonical":"https:\/\/aprooptelecom.com\/es\/segundas-lineas-movil\/","og_locale":"es_ES","og_type":"article","og_title":"Segundas L\u00edneas M\u00f3vil - Aproop Telecom","og_description":"\u00a1Tenemos segundas l\u00edneas para ti! \u00a1Con llamadas ilimitadas! A\u00f1ade l\u00edneas adicionales a tu pack. Segundas l\u00edneas adicionales:\u00a0M\u00e1ximo 4 l\u00edneas a contratar por el mismo titular por paquete de fibra, fijo y m\u00f3vil individual. Las segundas l\u00edneas han de tener igual o menos GB que el m\u00f3vil asociado al paquete. Escoge tu paquete de Fibra + [&hellip;]","og_url":"https:\/\/aprooptelecom.com\/es\/segundas-lineas-movil\/","og_site_name":"Aproop Telecom","article_modified_time":"2023-07-11T09:20:50+00:00","og_image":[{"url":"https:\/\/aprooptelecom.com\/wp-content\/uploads\/2023\/05\/franja.jpg","type":"","width":"","height":""}],"twitter_card":"summary_large_image","schema":{"@context":"https:\/\/schema.org","@graph":[{"@type":"WebPage","@id":"https:\/\/aprooptelecom.com\/es\/segundas-lineas-movil\/","url":"https:\/\/aprooptelecom.com\/es\/segundas-lineas-movil\/","name":"Segundas L\u00edneas M\u00f3vil - Aproop Telecom","isPartOf":{"@id":"https:\/\/aprooptelecom.com\/es\/#website"},"primaryImageOfPage":{"@id":"https:\/\/aprooptelecom.com\/es\/segundas-lineas-movil\/#primaryimage"},"image":{"@id":"https:\/\/aprooptelecom.com\/es\/segundas-lineas-movil\/#primaryimage"},"thumbnailUrl":"https:\/\/aprooptelecom.com\/wp-content\/uploads\/2023\/05\/franja.jpg","datePublished":"2023-05-25T06:25:23+00:00","dateModified":"2023-07-11T09:20:50+00:00","breadcrumb":{"@id":"https:\/\/aprooptelecom.com\/es\/segundas-lineas-movil\/#breadcrumb"},"inLanguage":"es","potentialAction":[{"@type":"ReadAction","target":["https:\/\/aprooptelecom.com\/es\/segundas-lineas-movil\/"]}]},{"@type":"ImageObject","inLanguage":"es","@id":"https:\/\/aprooptelecom.com\/es\/segundas-lineas-movil\/#primaryimage","url":"https:\/\/aprooptelecom.com\/wp-content\/uploads\/2023\/05\/franja.jpg","contentUrl":"https:\/\/aprooptelecom.com\/wp-content\/uploads\/2023\/05\/franja.jpg"},{"@type":"BreadcrumbList","@id":"https:\/\/aprooptelecom.com\/es\/segundas-lineas-movil\/#breadcrumb","itemListElement":[{"@type":"ListItem","position":1,"name":"Inici","item":"https:\/\/aprooptelecom.com\/es\/"},{"@type":"ListItem","position":2,"name":"Segundas L\u00edneas M\u00f3vil"}]},{"@type":"WebSite","@id":"https:\/\/aprooptelecom.com\/es\/#website","url":"https:\/\/aprooptelecom.com\/es\/","name":"Aproop Telecom","description":"Descobreix les tarifes que millor s\u2019adapten a tu i els teus! Contacta ara amb el nostre servei d\u2019atenci\u00f3 al client.","publisher":{"@id":"https:\/\/aprooptelecom.com\/es\/#organization"},"potentialAction":[{"@type":"SearchAction","target":{"@type":"EntryPoint","urlTemplate":"https:\/\/aprooptelecom.com\/es\/?s={search_term_string}"},"query-input":{"@type":"PropertyValueSpecification","valueRequired":true,"valueName":"search_term_string"}}],"inLanguage":"es"},{"@type":"Organization","@id":"https:\/\/aprooptelecom.com\/es\/#organization","name":"Aproop Telecom","url":"https:\/\/aprooptelecom.com\/es\/","logo":{"@type":"ImageObject","inLanguage":"es","@id":"https:\/\/aprooptelecom.com\/es\/#\/schema\/logo\/image\/","url":"https:\/\/aprooptelecom.com\/wp-content\/uploads\/2022\/11\/aproop-logo.svg","contentUrl":"https:\/\/aprooptelecom.com\/wp-content\/uploads\/2022\/11\/aproop-logo.svg","caption":"Aproop Telecom"},"image":{"@id":"https:\/\/aprooptelecom.com\/es\/#\/schema\/logo\/image\/"}}]}},"_links":{"self":[{"href":"https:\/\/aprooptelecom.com\/es\/wp-json\/wp\/v2\/pages\/2338","targetHints":{"allow":["GET"]}}],"collection":[{"href":"https:\/\/aprooptelecom.com\/es\/wp-json\/wp\/v2\/pages"}],"about":[{"href":"https:\/\/aprooptelecom.com\/es\/wp-json\/wp\/v2\/types\/page"}],"author":[{"embeddable":true,"href":"https:\/\/aprooptelecom.com\/es\/wp-json\/wp\/v2\/users\/1"}],"replies":[{"embeddable":true,"href":"https:\/\/aprooptelecom.com\/es\/wp-json\/wp\/v2\/comments?post=2338"}],"version-history":[{"count":1,"href":"https:\/\/aprooptelecom.com\/es\/wp-json\/wp\/v2\/pages\/2338\/revisions"}],"predecessor-version":[{"id":2339,"href":"https:\/\/aprooptelecom.com\/es\/wp-json\/wp\/v2\/pages\/2338\/revisions\/2339"}],"wp:attachment":[{"href":"https:\/\/aprooptelecom.com\/es\/wp-json\/wp\/v2\/media?parent=2338"}],"curies":[{"name":"wp","href":"https:\/\/api.w.org\/{rel}","templated":true}]}}