{"id":2278,"date":"2023-05-12T09:11:55","date_gmt":"2023-05-12T07:11:55","guid":{"rendered":"https:\/\/aprooptelecom.com\/condiciones-generales-de-contratacion\/"},"modified":"2023-10-16T13:43:54","modified_gmt":"2023-10-16T11:43:54","slug":"condiciones-generales-de-contratacion","status":"publish","type":"page","link":"https:\/\/aprooptelecom.com\/es\/condiciones-generales-de-contratacion\/","title":{"rendered":"Condiciones Generales de Contrataci\u00f3n"},"content":{"rendered":"\t\t<div data-elementor-type=\"wp-page\" data-elementor-id=\"2278\" class=\"elementor elementor-2278 elementor-516\" data-elementor-post-type=\"page\">\n\t\t\t\t\t\t<section data-dce-background-color=\"#F7F7F7\" class=\"elementor-section elementor-top-section elementor-element elementor-element-d373b6e elementor-section-boxed elementor-section-height-default elementor-section-height-default\" data-id=\"d373b6e\" data-element_type=\"section\" data-e-type=\"section\" data-settings=\"{&quot;background_background&quot;:&quot;classic&quot;}\">\n\t\t\t\t\t\t<div class=\"elementor-container elementor-column-gap-default\">\n\t\t\t\t\t<div class=\"elementor-column elementor-col-100 elementor-top-column elementor-element elementor-element-7625d2e\" data-id=\"7625d2e\" data-element_type=\"column\" data-e-type=\"column\">\n\t\t\t<div class=\"elementor-widget-wrap elementor-element-populated\">\n\t\t\t\t\t\t<div class=\"elementor-element elementor-element-c2d96ac elementor-widget elementor-widget-heading\" data-id=\"c2d96ac\" data-element_type=\"widget\" data-e-type=\"widget\" data-widget_type=\"heading.default\">\n\t\t\t\t<div class=\"elementor-widget-container\">\n\t\t\t\t\t<h1 class=\"elementor-heading-title elementor-size-default\">Condiciones Generales de Contrataci\u00f3n<\/h1>\t\t\t\t<\/div>\n\t\t\t\t<\/div>\n\t\t\t\t<div data-dce-text-color=\"#2E366699\" class=\"elementor-element elementor-element-2705592 elementor-align-center elementor-widget elementor-widget-breadcrumbs\" data-id=\"2705592\" data-element_type=\"widget\" data-e-type=\"widget\" data-widget_type=\"breadcrumbs.default\">\n\t\t\t\t<div class=\"elementor-widget-container\">\n\t\t\t\t\t<p id=\"breadcrumbs\"><span><span><a href=\"https:\/\/aprooptelecom.com\/es\/\">Inici<\/a><\/span><\/span><\/p>\t\t\t\t<\/div>\n\t\t\t\t<\/div>\n\t\t\t\t\t<\/div>\n\t\t<\/div>\n\t\t\t\t\t<\/div>\n\t\t<\/section>\n\t\t\t\t<section class=\"elementor-section elementor-top-section elementor-element elementor-element-10b2417 elementor-section-boxed elementor-section-height-default elementor-section-height-default\" data-id=\"10b2417\" data-element_type=\"section\" data-e-type=\"section\">\n\t\t\t\t\t\t<div class=\"elementor-container elementor-column-gap-default\">\n\t\t\t\t\t<div class=\"elementor-column elementor-col-100 elementor-top-column elementor-element elementor-element-af6ba86\" data-id=\"af6ba86\" data-element_type=\"column\" data-e-type=\"column\">\n\t\t\t<div class=\"elementor-widget-wrap elementor-element-populated\">\n\t\t\t\t\t\t<div class=\"elementor-element elementor-element-eb50d11 elementor-widget elementor-widget-text-editor\" data-id=\"eb50d11\" data-element_type=\"widget\" data-e-type=\"widget\" data-widget_type=\"text-editor.default\">\n\t\t\t\t<div class=\"elementor-widget-container\">\n\t\t\t\t\t\t\t\t\t<p><b>Mejora del precio de datos en roaming en pa\u00edses fuera de la Uni\u00f3n Europea y asociados.<\/b><\/p><p>A partir del 1 de diciembre de 2022 mejoramos el precio de la tarifa de datos en roaming para navegar en pa\u00edses fuera de la Uni\u00f3n Europea y pa\u00edses asociados. Puedes consultar\u00a0<a href=\"https:\/\/aprooptelecom.com\/wp-content\/uploads\/2023\/07\/Roaming_aproop_16juny23_cas.pdf\" target=\"_blank\" rel=\"noopener\">aqu\u00ed<\/a>\u00a0los nuevos precios y los pa\u00edses a los cuales aplica.<\/p><p><b>Actualizaci\u00f3n de las Condiciones Generales y T\u00e9rminos y condiciones en protecci\u00f3n de datos de clientes el 1 de octubre de 2022.<\/b><\/p><p>APROOP ha modificado las Condiciones Generales de Contrataci\u00f3n a los efectos de adaptarlas a la nueva Ley 11\/2022, de 28 de junio, General de Telecomunicaciones, que refuerza los derechos de los usuarios finales, as\u00ed como para modificar ciertos aspectos operativos. En su art\u00edculo 67.7 la Ley establece que los contratos de telecomunicaciones tendr\u00e1n una duraci\u00f3n de veinticuatro meses. Este plazo no es una permanencia, raz\u00f3n por la cual puedes darte de baja en ese per\u00edodo conforme a las Condiciones Generales de Contrataci\u00f3n.<\/p><p>Este cambio no afecta a las permanencias que pudieras tener pendientes, que se mantienen durante el nuevo per\u00edodo de vigencia del contrato, al tener en todos los casos, una duraci\u00f3n igual o inferior a 24 meses.<\/p><p>Una vez finalizado este per\u00edodo de 24 meses, si no se produce baja o cambio de tarifa hasta ese momento, el contrato se prorrogar\u00e1 por id\u00e9nticos per\u00edodos.<\/p><p>Para contratos anteriores a esta actualizaci\u00f3n, en caso de no estar conforme con los cambios contractuales se dispone del plazo de un mes para resolver anticipadamente el contrato sin penalizaci\u00f3n ni ning\u00fan coste adicional.<\/p><p>La modificaci\u00f3n en relaci\u00f3n a la pol\u00edtica de privacidad, se refiere a la existencia de un nuevo tratamiento de tus datos, puesto que contactaremos contigo conforme a la nueva ley, para ofrecerte las mejores tarifas al menos una vez en el a\u00f1o, y que de este modo, siempre est\u00e9s informado de las tarifas existentes.<\/p><p>Para consultar toda la informaci\u00f3n sobre las condiciones de contrataci\u00f3n de cualquiera de nuestras tarifas, as\u00ed como todo aquello relacionado con el roaming, puedes consultar los siguientes enlaces:<\/p><p>&#8211;\u00a0<a href=\"https:\/\/aprooptelecom.com\/wp-content\/uploads\/2023\/10\/CGCC_AP0822_cast_241122_SET23-1-34.pdf\" target=\"_blank\" rel=\"noopener\">Condiciones generales de contrataci\u00f3n aproop!<\/a><\/p><p>&#8211;\u00a0<a href=\"https:\/\/aprooptelecom.com\/wp-content\/uploads\/2023\/07\/Roaming_aproop_16juny23_cas.pdf\" target=\"_blank\" rel=\"noopener\">Nuevos precios de roaming aproop!<\/a><\/p>\t\t\t\t\t\t\t\t<\/div>\n\t\t\t\t<\/div>\n\t\t\t\t\t<\/div>\n\t\t<\/div>\n\t\t\t\t\t<\/div>\n\t\t<\/section>\n\t\t\t\t<\/div>\n\t\t","protected":false},"excerpt":{"rendered":"<p>Condiciones Generales de Contrataci\u00f3n Mejora del precio de datos en roaming en pa\u00edses fuera de la Uni\u00f3n Europea y asociados. A partir del 1 de diciembre de 2022 mejoramos el precio de la tarifa de datos en roaming para navegar en pa\u00edses fuera de la Uni\u00f3n Europea y pa\u00edses asociados. Puedes consultar\u00a0aqu\u00ed\u00a0los nuevos precios y [&hellip;]<\/p>\n","protected":false},"author":1,"featured_media":0,"parent":0,"menu_order":0,"comment_status":"closed","ping_status":"closed","template":"","meta":{"footnotes":""},"class_list":["post-2278","page","type-page","status-publish","hentry"],"yoast_head":"<!-- This site is optimized with the Yoast SEO plugin v27.2 - https:\/\/yoast.com\/product\/yoast-seo-wordpress\/ -->\n<title>Contrata las mejores tarifas de fibra y m\u00f3vil | aproop! - Condicions Generals de Contractaci\u00f3<\/title>\n<meta name=\"description\" content=\"Contacta con el Servicio de Atenci\u00f3n al Cliente de aproop! a trav\u00e9s del 900622020 o escribe un correo a atencioalclient@aprooptelecom.com. Te atenderemos lo antes posible.\" \/>\n<meta name=\"robots\" content=\"noindex, follow\" \/>\n<meta property=\"og:locale\" content=\"es_ES\" \/>\n<meta property=\"og:type\" content=\"article\" \/>\n<meta property=\"og:title\" content=\"Contrata las mejores tarifas de fibra y m\u00f3vil | aproop! - Condicions Generals de Contractaci\u00f3\" \/>\n<meta property=\"og:description\" content=\"Contacta con el Servicio de Atenci\u00f3n al Cliente de aproop! a trav\u00e9s del 900622020 o escribe un correo a atencioalclient@aprooptelecom.com. Te atenderemos lo antes posible.\" \/>\n<meta property=\"og:url\" content=\"https:\/\/aprooptelecom.com\/es\/condiciones-generales-de-contratacion\/\" \/>\n<meta property=\"og:site_name\" content=\"Aproop Telecom\" \/>\n<meta property=\"article:modified_time\" content=\"2023-10-16T11:43:54+00:00\" \/>\n<meta name=\"twitter:card\" content=\"summary_large_image\" \/>\n<meta name=\"twitter:label1\" content=\"Tiempo de lectura\" \/>\n\t<meta name=\"twitter:data1\" content=\"2 minutos\" \/>\n<script type=\"application\/ld+json\" class=\"yoast-schema-graph\">{\"@context\":\"https:\/\/schema.org\",\"@graph\":[{\"@type\":\"WebPage\",\"@id\":\"https:\/\/aprooptelecom.com\/es\/condiciones-generales-de-contratacion\/\",\"url\":\"https:\/\/aprooptelecom.com\/es\/condiciones-generales-de-contratacion\/\",\"name\":\"Contrata las mejores tarifas de fibra y m\u00f3vil | aproop! - Condicions Generals de Contractaci\u00f3\",\"isPartOf\":{\"@id\":\"https:\/\/aprooptelecom.com\/es\/#website\"},\"datePublished\":\"2023-05-12T07:11:55+00:00\",\"dateModified\":\"2023-10-16T11:43:54+00:00\",\"description\":\"Contacta con el Servicio de Atenci\u00f3n al Cliente de aproop! a trav\u00e9s del 900622020 o escribe un correo a atencioalclient@aprooptelecom.com. Te atenderemos lo antes posible.\",\"breadcrumb\":{\"@id\":\"https:\/\/aprooptelecom.com\/es\/condiciones-generales-de-contratacion\/#breadcrumb\"},\"inLanguage\":\"es\",\"potentialAction\":[{\"@type\":\"ReadAction\",\"target\":[\"https:\/\/aprooptelecom.com\/es\/condiciones-generales-de-contratacion\/\"]}]},{\"@type\":\"BreadcrumbList\",\"@id\":\"https:\/\/aprooptelecom.com\/es\/condiciones-generales-de-contratacion\/#breadcrumb\",\"itemListElement\":[{\"@type\":\"ListItem\",\"position\":1,\"name\":\"Inici\",\"item\":\"https:\/\/aprooptelecom.com\/es\/\"},{\"@type\":\"ListItem\",\"position\":2,\"name\":\"Condiciones Generales de Contrataci\u00f3n\"}]},{\"@type\":\"WebSite\",\"@id\":\"https:\/\/aprooptelecom.com\/es\/#website\",\"url\":\"https:\/\/aprooptelecom.com\/es\/\",\"name\":\"Aproop Telecom\",\"description\":\"Descobreix les tarifes que millor s\u2019adapten a tu i els teus! Contacta ara amb el nostre servei d\u2019atenci\u00f3 al client.\",\"publisher\":{\"@id\":\"https:\/\/aprooptelecom.com\/es\/#organization\"},\"potentialAction\":[{\"@type\":\"SearchAction\",\"target\":{\"@type\":\"EntryPoint\",\"urlTemplate\":\"https:\/\/aprooptelecom.com\/es\/?s={search_term_string}\"},\"query-input\":{\"@type\":\"PropertyValueSpecification\",\"valueRequired\":true,\"valueName\":\"search_term_string\"}}],\"inLanguage\":\"es\"},{\"@type\":\"Organization\",\"@id\":\"https:\/\/aprooptelecom.com\/es\/#organization\",\"name\":\"Aproop Telecom\",\"url\":\"https:\/\/aprooptelecom.com\/es\/\",\"logo\":{\"@type\":\"ImageObject\",\"inLanguage\":\"es\",\"@id\":\"https:\/\/aprooptelecom.com\/es\/#\/schema\/logo\/image\/\",\"url\":\"https:\/\/aprooptelecom.com\/wp-content\/uploads\/2022\/11\/aproop-logo.svg\",\"contentUrl\":\"https:\/\/aprooptelecom.com\/wp-content\/uploads\/2022\/11\/aproop-logo.svg\",\"caption\":\"Aproop Telecom\"},\"image\":{\"@id\":\"https:\/\/aprooptelecom.com\/es\/#\/schema\/logo\/image\/\"}}]}<\/script>\n<!-- \/ Yoast SEO plugin. -->","yoast_head_json":{"title":"Contrata las mejores tarifas de fibra y m\u00f3vil | aproop! - Condicions Generals de Contractaci\u00f3","description":"Contacta con el Servicio de Atenci\u00f3n al Cliente de aproop! a trav\u00e9s del 900622020 o escribe un correo a atencioalclient@aprooptelecom.com. Te atenderemos lo antes posible.","robots":{"index":"noindex","follow":"follow"},"og_locale":"es_ES","og_type":"article","og_title":"Contrata las mejores tarifas de fibra y m\u00f3vil | aproop! - Condicions Generals de Contractaci\u00f3","og_description":"Contacta con el Servicio de Atenci\u00f3n al Cliente de aproop! a trav\u00e9s del 900622020 o escribe un correo a atencioalclient@aprooptelecom.com. Te atenderemos lo antes posible.","og_url":"https:\/\/aprooptelecom.com\/es\/condiciones-generales-de-contratacion\/","og_site_name":"Aproop Telecom","article_modified_time":"2023-10-16T11:43:54+00:00","twitter_card":"summary_large_image","twitter_misc":{"Tiempo de lectura":"2 minutos"},"schema":{"@context":"https:\/\/schema.org","@graph":[{"@type":"WebPage","@id":"https:\/\/aprooptelecom.com\/es\/condiciones-generales-de-contratacion\/","url":"https:\/\/aprooptelecom.com\/es\/condiciones-generales-de-contratacion\/","name":"Contrata las mejores tarifas de fibra y m\u00f3vil | aproop! - Condicions Generals de Contractaci\u00f3","isPartOf":{"@id":"https:\/\/aprooptelecom.com\/es\/#website"},"datePublished":"2023-05-12T07:11:55+00:00","dateModified":"2023-10-16T11:43:54+00:00","description":"Contacta con el Servicio de Atenci\u00f3n al Cliente de aproop! a trav\u00e9s del 900622020 o escribe un correo a atencioalclient@aprooptelecom.com. Te atenderemos lo antes posible.","breadcrumb":{"@id":"https:\/\/aprooptelecom.com\/es\/condiciones-generales-de-contratacion\/#breadcrumb"},"inLanguage":"es","potentialAction":[{"@type":"ReadAction","target":["https:\/\/aprooptelecom.com\/es\/condiciones-generales-de-contratacion\/"]}]},{"@type":"BreadcrumbList","@id":"https:\/\/aprooptelecom.com\/es\/condiciones-generales-de-contratacion\/#breadcrumb","itemListElement":[{"@type":"ListItem","position":1,"name":"Inici","item":"https:\/\/aprooptelecom.com\/es\/"},{"@type":"ListItem","position":2,"name":"Condiciones Generales de Contrataci\u00f3n"}]},{"@type":"WebSite","@id":"https:\/\/aprooptelecom.com\/es\/#website","url":"https:\/\/aprooptelecom.com\/es\/","name":"Aproop Telecom","description":"Descobreix les tarifes que millor s\u2019adapten a tu i els teus! Contacta ara amb el nostre servei d\u2019atenci\u00f3 al client.","publisher":{"@id":"https:\/\/aprooptelecom.com\/es\/#organization"},"potentialAction":[{"@type":"SearchAction","target":{"@type":"EntryPoint","urlTemplate":"https:\/\/aprooptelecom.com\/es\/?s={search_term_string}"},"query-input":{"@type":"PropertyValueSpecification","valueRequired":true,"valueName":"search_term_string"}}],"inLanguage":"es"},{"@type":"Organization","@id":"https:\/\/aprooptelecom.com\/es\/#organization","name":"Aproop Telecom","url":"https:\/\/aprooptelecom.com\/es\/","logo":{"@type":"ImageObject","inLanguage":"es","@id":"https:\/\/aprooptelecom.com\/es\/#\/schema\/logo\/image\/","url":"https:\/\/aprooptelecom.com\/wp-content\/uploads\/2022\/11\/aproop-logo.svg","contentUrl":"https:\/\/aprooptelecom.com\/wp-content\/uploads\/2022\/11\/aproop-logo.svg","caption":"Aproop Telecom"},"image":{"@id":"https:\/\/aprooptelecom.com\/es\/#\/schema\/logo\/image\/"}}]}},"_links":{"self":[{"href":"https:\/\/aprooptelecom.com\/es\/wp-json\/wp\/v2\/pages\/2278","targetHints":{"allow":["GET"]}}],"collection":[{"href":"https:\/\/aprooptelecom.com\/es\/wp-json\/wp\/v2\/pages"}],"about":[{"href":"https:\/\/aprooptelecom.com\/es\/wp-json\/wp\/v2\/types\/page"}],"author":[{"embeddable":true,"href":"https:\/\/aprooptelecom.com\/es\/wp-json\/wp\/v2\/users\/1"}],"replies":[{"embeddable":true,"href":"https:\/\/aprooptelecom.com\/es\/wp-json\/wp\/v2\/comments?post=2278"}],"version-history":[{"count":10,"href":"https:\/\/aprooptelecom.com\/es\/wp-json\/wp\/v2\/pages\/2278\/revisions"}],"predecessor-version":[{"id":4283,"href":"https:\/\/aprooptelecom.com\/es\/wp-json\/wp\/v2\/pages\/2278\/revisions\/4283"}],"wp:attachment":[{"href":"https:\/\/aprooptelecom.com\/es\/wp-json\/wp\/v2\/media?parent=2278"}],"curies":[{"name":"wp","href":"https:\/\/api.w.org\/{rel}","templated":true}]}}